{"id":1264,"date":"2025-06-04T22:25:40","date_gmt":"2025-06-04T22:25:40","guid":{"rendered":"https:\/\/aviance.mx\/acerca-de\/"},"modified":"2025-07-17T22:56:25","modified_gmt":"2025-07-17T22:56:25","slug":"acerca-de","status":"publish","type":"page","link":"https:\/\/aviance.mx\/es\/acerca-de\/","title":{"rendered":"Acerca de"},"content":{"rendered":"\t\t<div data-elementor-type=\"wp-page\" data-elementor-id=\"1264\" class=\"elementor elementor-1264 elementor-206\" data-elementor-post-type=\"page\">\n\t\t\t\t<div class=\"elementor-element elementor-element-5af53ab e-con-full e-flex e-con e-parent\" data-id=\"5af53ab\" data-element_type=\"container\" data-e-type=\"container\">\n\t\t<div class=\"elementor-element elementor-element-71a2ece e-con-full e-flex e-con e-child\" data-id=\"71a2ece\" data-element_type=\"container\" data-e-type=\"container\" data-settings=\"{&quot;background_background&quot;:&quot;classic&quot;}\">\n\t\t\t\t<div class=\"elementor-element elementor-element-b8f5772 animated-slow elementor-cta--skin-classic elementor-animated-content elementor-bg-transform elementor-bg-transform-zoom-in elementor-invisible elementor-widget elementor-widget-call-to-action\" data-id=\"b8f5772\" data-element_type=\"widget\" data-e-type=\"widget\" data-settings=\"{&quot;_animation&quot;:&quot;slideInUp&quot;}\" data-widget_type=\"call-to-action.default\">\n\t\t\t\t<div class=\"elementor-widget-container\">\n\t\t\t\t\t\t\t<div class=\"elementor-cta\">\n\t\t\t\t\t\t\t<div class=\"elementor-cta__content\">\n\t\t\t\t\n\t\t\t\t\t\t\t\t\t<h3 class=\"elementor-cta__title elementor-cta__content-item elementor-content-item\">\n\t\t\t\t\t\tElite Air Mobility <br> Excelencia jur\u00eddica aeron\u00e1utica\t\t\t\t\t<\/h3>\n\t\t\t\t\n\t\t\t\t\t\t\t\t\t<h3 class=\"elementor-cta__description elementor-cta__content-item elementor-content-item\">\n\t\t\t\t\t\tPrecisi\u00f3n jur\u00eddica en cada vuelo.\n\t\t\t\t\t<\/h3>\n\t\t\t\t\n\t\t\t\t\t\t\t<\/div>\n\t\t\t\t\t\t<\/div>\n\t\t\t\t\t\t<\/div>\n\t\t\t\t<\/div>\n\t\t\t\t<\/div>\n\t\t\t\t<\/div>\n\t\t<div class=\"elementor-element elementor-element-7c3de7a0 e-flex e-con-boxed e-con e-parent\" data-id=\"7c3de7a0\" data-element_type=\"container\" data-e-type=\"container\" data-settings=\"{&quot;background_background&quot;:&quot;classic&quot;}\">\n\t\t\t\t\t<div class=\"e-con-inner\">\n\t\t<div class=\"elementor-element elementor-element-25715ac0 e-con-full e-flex e-con e-child\" data-id=\"25715ac0\" data-element_type=\"container\" data-e-type=\"container\" data-settings=\"{&quot;background_background&quot;:&quot;classic&quot;}\">\n\t\t<div class=\"elementor-element elementor-element-28426449 animated-slow e-flex e-con-boxed elementor-invisible e-con e-child\" data-id=\"28426449\" data-element_type=\"container\" data-e-type=\"container\" data-settings=\"{&quot;background_background&quot;:&quot;classic&quot;,&quot;animation&quot;:&quot;slideInUp&quot;}\">\n\t\t\t\t\t<div class=\"e-con-inner\">\n\t\t\t\t<div class=\"elementor-element elementor-element-27000d2 elementor-widget elementor-widget-heading\" data-id=\"27000d2\" data-element_type=\"widget\" data-e-type=\"widget\" data-widget_type=\"heading.default\">\n\t\t\t\t<div class=\"elementor-widget-container\">\n\t\t\t\t\t<h3 class=\"elementor-heading-title elementor-size-default\">Consultor\u00eda aeron\u00e1utica<\/h3>\t\t\t\t<\/div>\n\t\t\t\t<\/div>\n\t\t\t\t<div class=\"elementor-element elementor-element-35156e7 elementor-widget elementor-widget-heading\" data-id=\"35156e7\" data-element_type=\"widget\" data-e-type=\"widget\" data-widget_type=\"heading.default\">\n\t\t\t\t<div class=\"elementor-widget-container\">\n\t\t\t\t\t<h4 class=\"elementor-heading-title elementor-size-default\">El arte de volar, respaldado por la ley<\/h4>\t\t\t\t<\/div>\n\t\t\t\t<\/div>\n\t\t\t\t<div class=\"elementor-element elementor-element-4cddd75 elementor-widget__width-initial elementor-widget elementor-widget-text-editor\" data-id=\"4cddd75\" data-element_type=\"widget\" data-e-type=\"widget\" data-widget_type=\"text-editor.default\">\n\t\t\t\t<div class=\"elementor-widget-container\">\n\t\t\t\t\t\t\t\t\t<p>En Aviance, fusionamos el dominio de la aviaci\u00f3n con una experiencia jur\u00eddica de alto nivel para ofrecer soluciones de movilidad a\u00e9rea integrales y sin fisuras. Nuestro equipo de abogados, operadores y especialistas t\u00e9cnicos en aviaci\u00f3n atiende a distinguidos particulares, empresas y gobiernos que exigen la perfecci\u00f3n a 30.000 pies de altura.<\/p>\t\t\t\t\t\t\t\t<\/div>\n\t\t\t\t<\/div>\n\t\t\t\t\t<\/div>\n\t\t\t\t<\/div>\n\t\t\t\t<\/div>\n\t\t\t\t\t<\/div>\n\t\t\t\t<\/div>\n\t\t<div class=\"elementor-element elementor-element-8777575 e-flex e-con-boxed e-con e-parent\" data-id=\"8777575\" data-element_type=\"container\" data-e-type=\"container\" data-settings=\"{&quot;background_background&quot;:&quot;classic&quot;}\">\n\t\t\t\t\t<div class=\"e-con-inner\">\n\t\t\t\t<div class=\"elementor-element elementor-element-b056a57 elementor-invisible elementor-widget elementor-widget-heading\" data-id=\"b056a57\" data-element_type=\"widget\" data-e-type=\"widget\" data-settings=\"{&quot;_animation&quot;:&quot;slideInUp&quot;}\" data-widget_type=\"heading.default\">\n\t\t\t\t<div class=\"elementor-widget-container\">\n\t\t\t\t\t<h1 class=\"elementor-heading-title elementor-size-default\">servicios jur\u00eddicos aeron\u00e1uticos y consultor\u00eda de aviaci\u00f3n M\u00e9xico<\/h1>\t\t\t\t<\/div>\n\t\t\t\t<\/div>\n\t\t\t\t<div class=\"elementor-element elementor-element-92ea7bd elementor-invisible elementor-widget elementor-widget-heading\" data-id=\"92ea7bd\" data-element_type=\"widget\" data-e-type=\"widget\" data-settings=\"{&quot;_animation&quot;:&quot;slideInUp&quot;}\" data-widget_type=\"heading.default\">\n\t\t\t\t<div class=\"elementor-widget-container\">\n\t\t\t\t\t<h2 class=\"elementor-heading-title elementor-size-default\">soluciones de movilidad a\u00e9rea<\/h2>\t\t\t\t<\/div>\n\t\t\t\t<\/div>\n\t\t\t\t<div class=\"elementor-element elementor-element-ad0cd59 elementor-widget__width-initial elementor-invisible elementor-widget elementor-widget-text-editor\" data-id=\"ad0cd59\" data-element_type=\"widget\" data-e-type=\"widget\" data-settings=\"{&quot;_animation&quot;:&quot;slideInUp&quot;}\" data-widget_type=\"text-editor.default\">\n\t\t\t\t<div class=\"elementor-widget-container\">\n\t\t\t\t\t\t\t\t\t<p data-start=\"345\" data-end=\"704\">Aviance es un bufete de aviaci\u00f3n de primer orden dedicado a prestar servicios jur\u00eddicos aeron\u00e1uticos y de movilidad a\u00e9rea de alto nivel a distinguidos clientes de los sectores p\u00fablico y privado. Con una fusi\u00f3n \u00fanica de experiencia jur\u00eddica, conocimientos t\u00e9cnicos y excelencia operativa, ofrecemos soluciones integradas que elevan cada vuelo, desde la pista hasta la sala de juntas.<\/p><p data-start=\"706\" data-end=\"1080\">Nuestro equipo multidisciplinar de abogados especializados en aviaci\u00f3n, operadores de drones y aeronaves, y asesores aeroespaciales est\u00e1 comprometido con la discreci\u00f3n, el cumplimiento y la ejecuci\u00f3n impecable. Ya sea facilitando viajes a\u00e9reos ejecutivos, gestionando transacciones de aeronaves o asesorando a organismos gubernamentales sobre legislaci\u00f3n aeron\u00e1utica, Aviance se erige en aliado estrat\u00e9gico de quienes exigen la perfecci\u00f3n en los cielos.<\/p>\t\t\t\t\t\t\t\t<\/div>\n\t\t\t\t<\/div>\n\t\t\t\t\t<\/div>\n\t\t\t\t<\/div>\n\t\t\t\t<\/div>\n\t\t","protected":false},"excerpt":{"rendered":"<p>Elite Air Mobility Excelencia jur\u00eddica aeron\u00e1utica Precisi\u00f3n jur\u00eddica en cada vuelo. Consultor\u00eda aeron\u00e1utica El arte de volar, respaldado por la ley En Aviance, fusionamos el dominio de la aviaci\u00f3n con una experiencia jur\u00eddica de alto nivel para ofrecer soluciones de movilidad a\u00e9rea integrales y sin fisuras. Nuestro equipo de abogados, operadores y especialistas t\u00e9cnicos en [&hellip;]<\/p>\n","protected":false},"author":2,"featured_media":1096,"parent":0,"menu_order":0,"comment_status":"closed","ping_status":"closed","template":"elementor_header_footer","meta":{"footnotes":""},"class_list":["post-1264","page","type-page","status-publish","has-post-thumbnail","hentry"],"_links":{"self":[{"href":"https:\/\/aviance.mx\/es\/wp-json\/wp\/v2\/pages\/1264","targetHints":{"allow":["GET"]}}],"collection":[{"href":"https:\/\/aviance.mx\/es\/wp-json\/wp\/v2\/pages"}],"about":[{"href":"https:\/\/aviance.mx\/es\/wp-json\/wp\/v2\/types\/page"}],"author":[{"embeddable":true,"href":"https:\/\/aviance.mx\/es\/wp-json\/wp\/v2\/users\/2"}],"replies":[{"embeddable":true,"href":"https:\/\/aviance.mx\/es\/wp-json\/wp\/v2\/comments?post=1264"}],"version-history":[{"count":1,"href":"https:\/\/aviance.mx\/es\/wp-json\/wp\/v2\/pages\/1264\/revisions"}],"predecessor-version":[{"id":1265,"href":"https:\/\/aviance.mx\/es\/wp-json\/wp\/v2\/pages\/1264\/revisions\/1265"}],"wp:featuredmedia":[{"embeddable":true,"href":"https:\/\/aviance.mx\/es\/wp-json\/wp\/v2\/media\/1096"}],"wp:attachment":[{"href":"https:\/\/aviance.mx\/es\/wp-json\/wp\/v2\/media?parent=1264"}],"curies":[{"name":"wp","href":"https:\/\/api.w.org\/{rel}","templated":true}]}}