{"id":1256,"date":"2025-06-05T21:47:35","date_gmt":"2025-06-05T21:47:35","guid":{"rendered":"https:\/\/aviance.mx\/servicios\/"},"modified":"2025-07-23T17:21:28","modified_gmt":"2025-07-23T17:21:28","slug":"servicios","status":"publish","type":"page","link":"https:\/\/aviance.mx\/es\/servicios\/","title":{"rendered":"Servicios"},"content":{"rendered":"\t\t<div data-elementor-type=\"wp-page\" data-elementor-id=\"1256\" class=\"elementor elementor-1256 elementor-609\" data-elementor-post-type=\"page\">\n\t\t\t\t<div class=\"elementor-element elementor-element-888f9a7 e-con-full e-flex e-con e-parent\" data-id=\"888f9a7\" data-element_type=\"container\" data-e-type=\"container\" id=\"legal\">\n\t\t<div class=\"elementor-element elementor-element-76d5a5e e-con-full e-flex e-con e-child\" data-id=\"76d5a5e\" data-element_type=\"container\" data-e-type=\"container\" data-settings=\"{&quot;background_background&quot;:&quot;classic&quot;}\">\n\t\t\t\t<\/div>\n\t\t<div class=\"elementor-element elementor-element-135ee9d e-con-full e-flex e-con e-child\" data-id=\"135ee9d\" data-element_type=\"container\" data-e-type=\"container\" data-settings=\"{&quot;background_background&quot;:&quot;classic&quot;}\">\n\t\t\t\t<div class=\"elementor-element elementor-element-4b0a57d animated-slow elementor-invisible elementor-widget elementor-widget-heading\" data-id=\"4b0a57d\" data-element_type=\"widget\" data-e-type=\"widget\" data-settings=\"{&quot;_animation&quot;:&quot;slideInUp&quot;}\" data-widget_type=\"heading.default\">\n\t\t\t\t<div class=\"elementor-widget-container\">\n\t\t\t\t\t<h1 class=\"elementor-heading-title elementor-size-default\">asesoramiento jur\u00eddico aeron\u00e1utico  <\/h1>\t\t\t\t<\/div>\n\t\t\t\t<\/div>\n\t\t\t\t<div class=\"elementor-element elementor-element-3541ddf elementor-widget__width-initial animated-slow elementor-invisible elementor-widget elementor-widget-text-editor\" data-id=\"3541ddf\" data-element_type=\"widget\" data-e-type=\"widget\" data-settings=\"{&quot;_animation&quot;:&quot;slideInUp&quot;}\" data-widget_type=\"text-editor.default\">\n\t\t\t\t<div class=\"elementor-widget-container\">\n\t\t\t\t\t\t\t\t\t<p>Nuestro asesoramiento y representaci\u00f3n no se limitan al derecho nacional, sino tambi\u00e9n a la aplicaci\u00f3n del derecho internacional, entendiendo que la aviaci\u00f3n es un factor econ\u00f3mico de primer orden que genera grandes inversiones por su importancia en el transporte de pasajeros y en el mercado global de traslado de mercanc\u00edas.<\/p><p>Debemos considerar que la viabilidad, la seguridad y la eficacia de su funcionamiento son esenciales para alcanzar los objetivos para los que fue creada, mediante el desarrollo de una estructura y una asesor\u00eda jur\u00eddica s\u00f3lidas que puedan respaldarla, desde su creaci\u00f3n hasta su funcionamiento diario.<\/p><p>Adem\u00e1s, considerando que el constante crecimiento de la Industria A\u00e9rea ha tenido un impacto global debido a la falta de proveedores de servicios especializados, nuestra firma promueve el desarrollo oportuno, seguro, eficiente y competitivo para atender esta necesidad.<\/p>\t\t\t\t\t\t\t\t<\/div>\n\t\t\t\t<\/div>\n\t\t\t\t<\/div>\n\t\t\t\t<\/div>\n\t\t<div class=\"elementor-element elementor-element-887fb2a animated-slow e-flex e-con-boxed elementor-invisible e-con e-parent\" data-id=\"887fb2a\" data-element_type=\"container\" data-e-type=\"container\" id=\"registration\" data-settings=\"{&quot;background_background&quot;:&quot;classic&quot;,&quot;animation&quot;:&quot;slideInUp&quot;}\">\n\t\t\t\t\t<div class=\"e-con-inner\">\n\t\t<div class=\"elementor-element elementor-element-b101eb4 e-con-full e-flex e-con e-child\" data-id=\"b101eb4\" data-element_type=\"container\" data-e-type=\"container\" data-settings=\"{&quot;background_background&quot;:&quot;classic&quot;}\">\n\t\t<div class=\"elementor-element elementor-element-9a2a114 animated-slow e-flex e-con-boxed elementor-invisible e-con e-child\" data-id=\"9a2a114\" data-element_type=\"container\" data-e-type=\"container\" data-settings=\"{&quot;background_background&quot;:&quot;classic&quot;,&quot;animation&quot;:&quot;slideInUp&quot;}\">\n\t\t\t\t\t<div class=\"e-con-inner\">\n\t\t\t\t<div class=\"elementor-element elementor-element-7381deb elementor-widget elementor-widget-heading\" data-id=\"7381deb\" data-element_type=\"widget\" data-e-type=\"widget\" data-widget_type=\"heading.default\">\n\t\t\t\t<div class=\"elementor-widget-container\">\n\t\t\t\t\t<h3 class=\"elementor-heading-title elementor-size-default\">registro de aeronaves<\/h3>\t\t\t\t<\/div>\n\t\t\t\t<\/div>\n\t\t\t\t<div class=\"elementor-element elementor-element-d96baa6 elementor-widget elementor-widget-heading\" data-id=\"d96baa6\" data-element_type=\"widget\" data-e-type=\"widget\" data-widget_type=\"heading.default\">\n\t\t\t\t<div class=\"elementor-widget-container\">\n\t\t\t\t\t<h4 class=\"elementor-heading-title elementor-size-default\">Nuestros servicios incluyen<\/h4>\t\t\t\t<\/div>\n\t\t\t\t<\/div>\n\t\t\t\t<div class=\"elementor-element elementor-element-9da8906 elementor-widget__width-initial elementor-widget elementor-widget-text-editor\" data-id=\"9da8906\" data-element_type=\"widget\" data-e-type=\"widget\" data-widget_type=\"text-editor.default\">\n\t\t\t\t<div class=\"elementor-widget-container\">\n\t\t\t\t\t\t\t\t\t<p data-start=\"206\" data-end=\"251\"> <\/p><p data-start=\"255\" data-end=\"299\">\u2192 Informes periciales en materia aeron\u00e1utica.<\/p><p data-start=\"302\" data-end=\"357\">\u2192 Implantaci\u00f3n de Sistemas de Gesti\u00f3n de la Seguridad (SGS).<\/p><p data-start=\"360\" data-end=\"528\">\u2192 Consultor\u00eda Aeron\u00e1utica Integral y soluciones a medida para la aviaci\u00f3n ejecutiva y las operaciones gubernamentales, alineadas con la normativa nacional e internacional.<\/p><p data-start=\"531\" data-end=\"589\">\u2192 Compra, importaci\u00f3n, exportaci\u00f3n y matriculaci\u00f3n de aeronaves.<\/p>\t\t\t\t\t\t\t\t<\/div>\n\t\t\t\t<\/div>\n\t\t\t\t\t<\/div>\n\t\t\t\t<\/div>\n\t\t\t\t<\/div>\n\t\t\t\t\t<\/div>\n\t\t\t\t<\/div>\n\t\t<div class=\"elementor-element elementor-element-9260510 e-flex e-con-boxed e-con e-parent\" data-id=\"9260510\" data-element_type=\"container\" data-e-type=\"container\" id=\"consulting\" data-settings=\"{&quot;background_background&quot;:&quot;classic&quot;}\">\n\t\t\t\t\t<div class=\"e-con-inner\">\n\t\t\t\t<div class=\"elementor-element elementor-element-392ada5 animated-slow elementor-invisible elementor-widget elementor-widget-heading\" data-id=\"392ada5\" data-element_type=\"widget\" data-e-type=\"widget\" data-settings=\"{&quot;_animation&quot;:&quot;slideInUp&quot;}\" data-widget_type=\"heading.default\">\n\t\t\t\t<div class=\"elementor-widget-container\">\n\t\t\t\t\t<h1 class=\"elementor-heading-title elementor-size-default\">consultor\u00eda aeron\u00e1utica  <\/h1>\t\t\t\t<\/div>\n\t\t\t\t<\/div>\n\t\t\t\t<div class=\"elementor-element elementor-element-ae77920 elementor-invisible elementor-widget elementor-widget-heading\" data-id=\"ae77920\" data-element_type=\"widget\" data-e-type=\"widget\" data-settings=\"{&quot;_animation&quot;:&quot;slideInUp&quot;}\" data-widget_type=\"heading.default\">\n\t\t\t\t<div class=\"elementor-widget-container\">\n\t\t\t\t\t<h2 class=\"elementor-heading-title elementor-size-default\">soluciones de movilidad a\u00e9rea<\/h2>\t\t\t\t<\/div>\n\t\t\t\t<\/div>\n\t\t\t\t<div class=\"elementor-element elementor-element-a265fa6 elementor-widget__width-initial elementor-invisible elementor-widget elementor-widget-text-editor\" data-id=\"a265fa6\" data-element_type=\"widget\" data-e-type=\"widget\" data-settings=\"{&quot;_animation&quot;:&quot;slideInUp&quot;}\" data-widget_type=\"text-editor.default\">\n\t\t\t\t<div class=\"elementor-widget-container\">\n\t\t\t\t\t\t\t\t\t<p>Aviance ofrece una s\u00f3lida cartera de servicios de consultor\u00eda dise\u00f1ados para satisfacer las complejas necesidades de instituciones p\u00fablicas, operadores privados y particulares con grandes patrimonios dentro del sector de la aviaci\u00f3n. Nuestra oferta incluye: <\/p>\t\t\t\t\t\t\t\t<\/div>\n\t\t\t\t<\/div>\n\t\t\t\t<div class=\"elementor-element elementor-element-c29a2e4 animated-slow elementor-invisible elementor-widget elementor-widget-toggle\" data-id=\"c29a2e4\" data-element_type=\"widget\" data-e-type=\"widget\" data-settings=\"{&quot;_animation&quot;:&quot;bounceInUp&quot;}\" data-widget_type=\"toggle.default\">\n\t\t\t\t<div class=\"elementor-widget-container\">\n\t\t\t\t\t\t\t<div class=\"elementor-toggle\">\n\t\t\t\t\t\t\t<div class=\"elementor-toggle-item\">\n\t\t\t\t\t<div id=\"elementor-tab-title-2041\" class=\"elementor-tab-title\" data-tab=\"1\" role=\"button\" aria-controls=\"elementor-tab-content-2041\" aria-expanded=\"false\">\n\t\t\t\t\t\t\t\t\t\t\t\t<span class=\"elementor-toggle-icon elementor-toggle-icon-right\" aria-hidden=\"true\">\n\t\t\t\t\t\t\t\t\t\t\t\t\t\t\t<span class=\"elementor-toggle-icon-closed\"><svg xmlns=\"http:\/\/www.w3.org\/2000\/svg\" id=\"ab1177c9-fb20-4263-9ebc-6f3bd964df82\" data-name=\"afba7dac-e774-4062-b1f6-f0f6702c3dce\" viewBox=\"0 0 20.6822 20.6822\"><polygon points=\"5.851 13.838 10.265 18.63 10.773 18.097 10.791 18.097 10.791 18.078 14.831 13.844 14.107 13.154 10.786 16.635 10.732 2.052 9.732 2.056 9.786 16.634 6.587 13.16 5.851 13.838\"><\/polygon><rect width=\"20.6822\" height=\"20.6822\" style=\"fill:none\"><\/rect><\/svg><\/span>\n\t\t\t\t\t\t\t\t<span class=\"elementor-toggle-icon-opened\"><svg xmlns=\"http:\/\/www.w3.org\/2000\/svg\" id=\"bd15c69f-782a-4e52-b822-774624a64299\" data-name=\"afba7dac-e774-4062-b1f6-f0f6702c3dce\" viewBox=\"0 0 20.6822 20.6822\"><polygon points=\"14.831 6.844 10.417 2.052 9.909 2.585 9.891 2.585 9.891 2.604 5.851 6.838 6.575 7.528 9.896 4.047 9.95 18.63 10.95 18.626 10.896 4.048 14.095 7.522 14.831 6.844\"><\/polygon><rect width=\"20.6822\" height=\"20.6822\" style=\"fill:none\"><\/rect><\/svg><\/span>\n\t\t\t\t\t\t\t\t\t\t\t\t\t<\/span>\n\t\t\t\t\t\t\t\t\t\t\t\t<a class=\"elementor-toggle-title\" tabindex=\"0\">Formaci\u00f3n en Transporte A\u00e9reo  <\/a>\n\t\t\t\t\t<\/div>\n\n\t\t\t\t\t<div id=\"elementor-tab-content-2041\" class=\"elementor-tab-content elementor-clearfix\" data-tab=\"1\" role=\"region\" aria-labelledby=\"elementor-tab-title-2041\"><p>Administraci\u00f3n y Operaciones<\/p>\n<\/div>\n\t\t\t\t<\/div>\n\t\t\t\t\t\t\t<div class=\"elementor-toggle-item\">\n\t\t\t\t\t<div id=\"elementor-tab-title-2042\" class=\"elementor-tab-title\" data-tab=\"2\" role=\"button\" aria-controls=\"elementor-tab-content-2042\" aria-expanded=\"false\">\n\t\t\t\t\t\t\t\t\t\t\t\t<span class=\"elementor-toggle-icon elementor-toggle-icon-right\" aria-hidden=\"true\">\n\t\t\t\t\t\t\t\t\t\t\t\t\t\t\t<span class=\"elementor-toggle-icon-closed\"><svg xmlns=\"http:\/\/www.w3.org\/2000\/svg\" id=\"ab1177c9-fb20-4263-9ebc-6f3bd964df82\" data-name=\"afba7dac-e774-4062-b1f6-f0f6702c3dce\" viewBox=\"0 0 20.6822 20.6822\"><polygon points=\"5.851 13.838 10.265 18.63 10.773 18.097 10.791 18.097 10.791 18.078 14.831 13.844 14.107 13.154 10.786 16.635 10.732 2.052 9.732 2.056 9.786 16.634 6.587 13.16 5.851 13.838\"><\/polygon><rect width=\"20.6822\" height=\"20.6822\" style=\"fill:none\"><\/rect><\/svg><\/span>\n\t\t\t\t\t\t\t\t<span class=\"elementor-toggle-icon-opened\"><svg xmlns=\"http:\/\/www.w3.org\/2000\/svg\" id=\"bd15c69f-782a-4e52-b822-774624a64299\" data-name=\"afba7dac-e774-4062-b1f6-f0f6702c3dce\" viewBox=\"0 0 20.6822 20.6822\"><polygon points=\"14.831 6.844 10.417 2.052 9.909 2.585 9.891 2.585 9.891 2.604 5.851 6.838 6.575 7.528 9.896 4.047 9.95 18.63 10.95 18.626 10.896 4.048 14.095 7.522 14.831 6.844\"><\/polygon><rect width=\"20.6822\" height=\"20.6822\" style=\"fill:none\"><\/rect><\/svg><\/span>\n\t\t\t\t\t\t\t\t\t\t\t\t\t<\/span>\n\t\t\t\t\t\t\t\t\t\t\t\t<a class=\"elementor-toggle-title\" tabindex=\"0\">Representaci\u00f3n ante la Aviaci\u00f3n  <\/a>\n\t\t\t\t\t<\/div>\n\n\t\t\t\t\t<div id=\"elementor-tab-content-2042\" class=\"elementor-tab-content elementor-clearfix\" data-tab=\"2\" role=\"region\" aria-labelledby=\"elementor-tab-title-2042\"><p>Permisos, concesiones, matriculaci\u00f3n de aeronaves, certificados de aeronavegabilidad, seguros, registros de aviaci\u00f3n, multas y cumplimiento de la normativa.<\/p>\n<\/div>\n\t\t\t\t<\/div>\n\t\t\t\t\t\t\t<div class=\"elementor-toggle-item\">\n\t\t\t\t\t<div id=\"elementor-tab-title-2043\" class=\"elementor-tab-title\" data-tab=\"3\" role=\"button\" aria-controls=\"elementor-tab-content-2043\" aria-expanded=\"false\">\n\t\t\t\t\t\t\t\t\t\t\t\t<span class=\"elementor-toggle-icon elementor-toggle-icon-right\" aria-hidden=\"true\">\n\t\t\t\t\t\t\t\t\t\t\t\t\t\t\t<span class=\"elementor-toggle-icon-closed\"><svg xmlns=\"http:\/\/www.w3.org\/2000\/svg\" id=\"ab1177c9-fb20-4263-9ebc-6f3bd964df82\" data-name=\"afba7dac-e774-4062-b1f6-f0f6702c3dce\" viewBox=\"0 0 20.6822 20.6822\"><polygon points=\"5.851 13.838 10.265 18.63 10.773 18.097 10.791 18.097 10.791 18.078 14.831 13.844 14.107 13.154 10.786 16.635 10.732 2.052 9.732 2.056 9.786 16.634 6.587 13.16 5.851 13.838\"><\/polygon><rect width=\"20.6822\" height=\"20.6822\" style=\"fill:none\"><\/rect><\/svg><\/span>\n\t\t\t\t\t\t\t\t<span class=\"elementor-toggle-icon-opened\"><svg xmlns=\"http:\/\/www.w3.org\/2000\/svg\" id=\"bd15c69f-782a-4e52-b822-774624a64299\" data-name=\"afba7dac-e774-4062-b1f6-f0f6702c3dce\" viewBox=\"0 0 20.6822 20.6822\"><polygon points=\"14.831 6.844 10.417 2.052 9.909 2.585 9.891 2.585 9.891 2.604 5.851 6.838 6.575 7.528 9.896 4.047 9.95 18.63 10.95 18.626 10.896 4.048 14.095 7.522 14.831 6.844\"><\/polygon><rect width=\"20.6822\" height=\"20.6822\" style=\"fill:none\"><\/rect><\/svg><\/span>\n\t\t\t\t\t\t\t\t\t\t\t\t\t<\/span>\n\t\t\t\t\t\t\t\t\t\t\t\t<a class=\"elementor-toggle-title\" tabindex=\"0\">Dise\u00f1o y funcionamiento<\/a>\n\t\t\t\t\t<\/div>\n\n\t\t\t\t\t<div id=\"elementor-tab-content-2043\" class=\"elementor-tab-content elementor-clearfix\" data-tab=\"3\" role=\"region\" aria-labelledby=\"elementor-tab-title-2043\"><p>Planificaci\u00f3n de Aer\u00f3dromos y Helipuertos en pleno cumplimiento de las normas de la OACI y la DGAC.<\/p>\n<\/div>\n\t\t\t\t<\/div>\n\t\t\t\t\t\t\t<div class=\"elementor-toggle-item\">\n\t\t\t\t\t<div id=\"elementor-tab-title-2044\" class=\"elementor-tab-title\" data-tab=\"4\" role=\"button\" aria-controls=\"elementor-tab-content-2044\" aria-expanded=\"false\">\n\t\t\t\t\t\t\t\t\t\t\t\t<span class=\"elementor-toggle-icon elementor-toggle-icon-right\" aria-hidden=\"true\">\n\t\t\t\t\t\t\t\t\t\t\t\t\t\t\t<span class=\"elementor-toggle-icon-closed\"><svg xmlns=\"http:\/\/www.w3.org\/2000\/svg\" id=\"ab1177c9-fb20-4263-9ebc-6f3bd964df82\" data-name=\"afba7dac-e774-4062-b1f6-f0f6702c3dce\" viewBox=\"0 0 20.6822 20.6822\"><polygon points=\"5.851 13.838 10.265 18.63 10.773 18.097 10.791 18.097 10.791 18.078 14.831 13.844 14.107 13.154 10.786 16.635 10.732 2.052 9.732 2.056 9.786 16.634 6.587 13.16 5.851 13.838\"><\/polygon><rect width=\"20.6822\" height=\"20.6822\" style=\"fill:none\"><\/rect><\/svg><\/span>\n\t\t\t\t\t\t\t\t<span class=\"elementor-toggle-icon-opened\"><svg xmlns=\"http:\/\/www.w3.org\/2000\/svg\" id=\"bd15c69f-782a-4e52-b822-774624a64299\" data-name=\"afba7dac-e774-4062-b1f6-f0f6702c3dce\" viewBox=\"0 0 20.6822 20.6822\"><polygon points=\"14.831 6.844 10.417 2.052 9.909 2.585 9.891 2.585 9.891 2.604 5.851 6.838 6.575 7.528 9.896 4.047 9.95 18.63 10.95 18.626 10.896 4.048 14.095 7.522 14.831 6.844\"><\/polygon><rect width=\"20.6822\" height=\"20.6822\" style=\"fill:none\"><\/rect><\/svg><\/span>\n\t\t\t\t\t\t\t\t\t\t\t\t\t<\/span>\n\t\t\t\t\t\t\t\t\t\t\t\t<a class=\"elementor-toggle-title\" tabindex=\"0\">Estructuraci\u00f3n y asesoramiento jur\u00eddico<\/a>\n\t\t\t\t\t<\/div>\n\n\t\t\t\t\t<div id=\"elementor-tab-content-2044\" class=\"elementor-tab-content elementor-clearfix\" data-tab=\"4\" role=\"region\" aria-labelledby=\"elementor-tab-title-2044\"><p class=\"p1\">Sobre Contratos de Arrendamiento, Financiaci\u00f3n y Compra de Aeronaves.<\/p>\n<\/div>\n\t\t\t\t<\/div>\n\t\t\t\t\t\t\t<div class=\"elementor-toggle-item\">\n\t\t\t\t\t<div id=\"elementor-tab-title-2045\" class=\"elementor-tab-title\" data-tab=\"5\" role=\"button\" aria-controls=\"elementor-tab-content-2045\" aria-expanded=\"false\">\n\t\t\t\t\t\t\t\t\t\t\t\t<span class=\"elementor-toggle-icon elementor-toggle-icon-right\" aria-hidden=\"true\">\n\t\t\t\t\t\t\t\t\t\t\t\t\t\t\t<span class=\"elementor-toggle-icon-closed\"><svg xmlns=\"http:\/\/www.w3.org\/2000\/svg\" id=\"ab1177c9-fb20-4263-9ebc-6f3bd964df82\" data-name=\"afba7dac-e774-4062-b1f6-f0f6702c3dce\" viewBox=\"0 0 20.6822 20.6822\"><polygon points=\"5.851 13.838 10.265 18.63 10.773 18.097 10.791 18.097 10.791 18.078 14.831 13.844 14.107 13.154 10.786 16.635 10.732 2.052 9.732 2.056 9.786 16.634 6.587 13.16 5.851 13.838\"><\/polygon><rect width=\"20.6822\" height=\"20.6822\" style=\"fill:none\"><\/rect><\/svg><\/span>\n\t\t\t\t\t\t\t\t<span class=\"elementor-toggle-icon-opened\"><svg xmlns=\"http:\/\/www.w3.org\/2000\/svg\" id=\"bd15c69f-782a-4e52-b822-774624a64299\" data-name=\"afba7dac-e774-4062-b1f6-f0f6702c3dce\" viewBox=\"0 0 20.6822 20.6822\"><polygon points=\"14.831 6.844 10.417 2.052 9.909 2.585 9.891 2.585 9.891 2.604 5.851 6.838 6.575 7.528 9.896 4.047 9.95 18.63 10.95 18.626 10.896 4.048 14.095 7.522 14.831 6.844\"><\/polygon><rect width=\"20.6822\" height=\"20.6822\" style=\"fill:none\"><\/rect><\/svg><\/span>\n\t\t\t\t\t\t\t\t\t\t\t\t\t<\/span>\n\t\t\t\t\t\t\t\t\t\t\t\t<a class=\"elementor-toggle-title\" tabindex=\"0\">Orientaci\u00f3n sobre el marco jur\u00eddico<\/a>\n\t\t\t\t\t<\/div>\n\n\t\t\t\t\t<div id=\"elementor-tab-content-2045\" class=\"elementor-tab-content elementor-clearfix\" data-tab=\"5\" role=\"region\" aria-labelledby=\"elementor-tab-title-2045\"><p>Registro de RPAS (Drones) ante autoridades mexicanas e internacionales.<\/p>\n<\/div>\n\t\t\t\t<\/div>\n\t\t\t\t\t\t\t<div class=\"elementor-toggle-item\">\n\t\t\t\t\t<div id=\"elementor-tab-title-2046\" class=\"elementor-tab-title\" data-tab=\"6\" role=\"button\" aria-controls=\"elementor-tab-content-2046\" aria-expanded=\"false\">\n\t\t\t\t\t\t\t\t\t\t\t\t<span class=\"elementor-toggle-icon elementor-toggle-icon-right\" aria-hidden=\"true\">\n\t\t\t\t\t\t\t\t\t\t\t\t\t\t\t<span class=\"elementor-toggle-icon-closed\"><svg xmlns=\"http:\/\/www.w3.org\/2000\/svg\" id=\"ab1177c9-fb20-4263-9ebc-6f3bd964df82\" data-name=\"afba7dac-e774-4062-b1f6-f0f6702c3dce\" viewBox=\"0 0 20.6822 20.6822\"><polygon points=\"5.851 13.838 10.265 18.63 10.773 18.097 10.791 18.097 10.791 18.078 14.831 13.844 14.107 13.154 10.786 16.635 10.732 2.052 9.732 2.056 9.786 16.634 6.587 13.16 5.851 13.838\"><\/polygon><rect width=\"20.6822\" height=\"20.6822\" style=\"fill:none\"><\/rect><\/svg><\/span>\n\t\t\t\t\t\t\t\t<span class=\"elementor-toggle-icon-opened\"><svg xmlns=\"http:\/\/www.w3.org\/2000\/svg\" id=\"bd15c69f-782a-4e52-b822-774624a64299\" data-name=\"afba7dac-e774-4062-b1f6-f0f6702c3dce\" viewBox=\"0 0 20.6822 20.6822\"><polygon points=\"14.831 6.844 10.417 2.052 9.909 2.585 9.891 2.585 9.891 2.604 5.851 6.838 6.575 7.528 9.896 4.047 9.95 18.63 10.95 18.626 10.896 4.048 14.095 7.522 14.831 6.844\"><\/polygon><rect width=\"20.6822\" height=\"20.6822\" style=\"fill:none\"><\/rect><\/svg><\/span>\n\t\t\t\t\t\t\t\t\t\t\t\t\t<\/span>\n\t\t\t\t\t\t\t\t\t\t\t\t<a class=\"elementor-toggle-title\" tabindex=\"0\">Estructuraci\u00f3n fiscal eficiente de la aviaci\u00f3n<\/a>\n\t\t\t\t\t<\/div>\n\n\t\t\t\t\t<div id=\"elementor-tab-content-2046\" class=\"elementor-tab-content elementor-clearfix\" data-tab=\"6\" role=\"region\" aria-labelledby=\"elementor-tab-title-2046\"><p>Para la adquisici\u00f3n y propiedad de aeronaves.<\/p>\n<\/div>\n\t\t\t\t<\/div>\n\t\t\t\t\t\t\t\t<\/div>\n\t\t\t\t\t\t<\/div>\n\t\t\t\t<\/div>\n\t\t\t\t\t<\/div>\n\t\t\t\t<\/div>\n\t\t<div class=\"elementor-element elementor-element-9dfc3d2 e-flex e-con-boxed e-con e-parent\" data-id=\"9dfc3d2\" data-element_type=\"container\" data-e-type=\"container\" id=\"heliport\" data-settings=\"{&quot;background_background&quot;:&quot;classic&quot;}\">\n\t\t\t\t\t<div class=\"e-con-inner\">\n\t\t<div class=\"elementor-element elementor-element-9c6dd03 e-con-full e-flex elementor-invisible e-con e-child\" data-id=\"9c6dd03\" data-element_type=\"container\" data-e-type=\"container\" data-settings=\"{&quot;animation&quot;:&quot;slideInUp&quot;}\">\n\t\t<div class=\"elementor-element elementor-element-81d0a70 animated-slow e-flex e-con-boxed elementor-invisible e-con e-child\" data-id=\"81d0a70\" data-element_type=\"container\" data-e-type=\"container\" data-settings=\"{&quot;background_background&quot;:&quot;classic&quot;,&quot;animation&quot;:&quot;slideInUp&quot;,&quot;animation_delay&quot;:300}\">\n\t\t\t\t\t<div class=\"e-con-inner\">\n\t\t\t\t<div class=\"elementor-element elementor-element-1f2eea0 elementor-widget__width-initial elementor-widget elementor-widget-heading\" data-id=\"1f2eea0\" data-element_type=\"widget\" data-e-type=\"widget\" data-widget_type=\"heading.default\">\n\t\t\t\t<div class=\"elementor-widget-container\">\n\t\t\t\t\t<h3 class=\"elementor-heading-title elementor-size-default\">Consultor\u00eda en Helipuertos<\/h3>\t\t\t\t<\/div>\n\t\t\t\t<\/div>\n\t\t\t\t<div class=\"elementor-element elementor-element-0d28bc7 elementor-widget__width-initial elementor-invisible elementor-widget elementor-widget-text-editor\" data-id=\"0d28bc7\" data-element_type=\"widget\" data-e-type=\"widget\" data-settings=\"{&quot;_animation&quot;:&quot;slideInUp&quot;}\" data-widget_type=\"text-editor.default\">\n\t\t\t\t<div class=\"elementor-widget-container\">\n\t\t\t\t\t\t\t\t\t<p data-start=\"98\" data-end=\"360\">En<strong data-start=\"147\" data-end=\"158\"> Aviance<\/strong> ofrecemos asesoramiento especializado en la creaci\u00f3n, regulaci\u00f3n y autorizaci\u00f3n de helipuertos y torres de aterrizaje, garantizando que tu infraestructura cumple todas las normativas legales y de seguridad vigentes.<\/p>\t\t\t\t\t\t\t\t<\/div>\n\t\t\t\t<\/div>\n\t\t\t\t<div class=\"elementor-element elementor-element-35cc995 elementor-widget elementor-widget-heading\" data-id=\"35cc995\" data-element_type=\"widget\" data-e-type=\"widget\" data-widget_type=\"heading.default\">\n\t\t\t\t<div class=\"elementor-widget-container\">\n\t\t\t\t\t<h4 class=\"elementor-heading-title elementor-size-default\">Aterrizajes en helipuertos y torres<\/h4>\t\t\t\t<\/div>\n\t\t\t\t<\/div>\n\t\t\t\t<div class=\"elementor-element elementor-element-ab9b351 elementor-widget__width-initial elementor-invisible elementor-widget elementor-widget-text-editor\" data-id=\"ab9b351\" data-element_type=\"widget\" data-e-type=\"widget\" data-settings=\"{&quot;_animation&quot;:&quot;slideInUp&quot;}\" data-widget_type=\"text-editor.default\">\n\t\t\t\t<div class=\"elementor-widget-container\">\n\t\t\t\t\t\t\t\t\t<p data-start=\"362\" data-end=\"655\">Proporcionamos formaci\u00f3n en la planificaci\u00f3n y ejecuci\u00f3n de operaciones de aterrizaje y despegue en helipuertos y torres, garantizando la seguridad y eficacia de cada operaci\u00f3n. Nuestro equipo te orientar\u00e1 sobre aspectos t\u00e9cnicos, normativos y operativos, adapt\u00e1ndose a las necesidades espec\u00edficas de tu proyecto.<\/p>\t\t\t\t\t\t\t\t<\/div>\n\t\t\t\t<\/div>\n\t\t\t\t<div class=\"elementor-element elementor-element-9fa84e1 elementor-widget elementor-widget-heading\" data-id=\"9fa84e1\" data-element_type=\"widget\" data-e-type=\"widget\" data-widget_type=\"heading.default\">\n\t\t\t\t<div class=\"elementor-widget-container\">\n\t\t\t\t\t<h4 class=\"elementor-heading-title elementor-size-default\">Tr\u00e1mites Legales para Habilitar Helipuertos<\/h4>\t\t\t\t<\/div>\n\t\t\t\t<\/div>\n\t\t\t\t<div class=\"elementor-element elementor-element-3c1b362 elementor-widget__width-initial elementor-invisible elementor-widget elementor-widget-text-editor\" data-id=\"3c1b362\" data-element_type=\"widget\" data-e-type=\"widget\" data-settings=\"{&quot;_animation&quot;:&quot;slideInUp&quot;}\" data-widget_type=\"text-editor.default\">\n\t\t\t\t<div class=\"elementor-widget-container\">\n\t\t\t\t\t\t\t\t\t<p data-start=\"255\" data-end=\"299\">\u2192 Elaboraci\u00f3n y presentaci\u00f3n del proyecto t\u00e9cnico de acuerdo con la normativa aeron\u00e1utica y de seguridad<\/p><p data-start=\"302\" data-end=\"357\">\u2192 Obtenci\u00f3n de permisos y autorizaciones de la autoridad aeron\u00e1utica a trav\u00e9s de la <strong data-start=\"1010\" data-end=\"1050\">Agencia Federal de Aviaci\u00f3n Civil (AFAC<\/strong>)<\/p><p data-start=\"360\" data-end=\"528\">\u2192 Evaluaci\u00f3n de impacto ambiental y permisos municipales, si son necesarios.<\/p><p data-start=\"360\" data-end=\"528\">\u2192 Inspecciones y aprobaciones previas a la operaci\u00f3n final<\/p><p data-start=\"360\" data-end=\"528\">\u00a0<\/p><p data-start=\"360\" data-end=\"528\">La habilitaci\u00f3n de un helipuerto requiere cumplir con una serie de requisitos legales y t\u00e9cnicos Nuestro equipo le acompa\u00f1a en cada etapa, desde la conceptualizaci\u00f3n hasta la obtenci\u00f3n de las autorizaciones, asegurando que su helipuerto est\u00e9 en plena conformidad con las normativas.<\/p>\t\t\t\t\t\t\t\t<\/div>\n\t\t\t\t<\/div>\n\t\t\t\t\t<\/div>\n\t\t\t\t<\/div>\n\t\t\t\t<\/div>\n\t\t\t\t\t<\/div>\n\t\t\t\t<\/div>\n\t\t\t\t<\/div>\n\t\t","protected":false},"excerpt":{"rendered":"<p>asesoramiento jur\u00eddico aeron\u00e1utico Nuestro asesoramiento y representaci\u00f3n no se limitan al derecho nacional, sino tambi\u00e9n a la aplicaci\u00f3n del derecho internacional, entendiendo que la aviaci\u00f3n es un factor econ\u00f3mico de primer orden que genera grandes inversiones por su importancia en el transporte de pasajeros y en el mercado global de traslado de mercanc\u00edas. Debemos considerar [&hellip;]<\/p>\n","protected":false},"author":2,"featured_media":1096,"parent":0,"menu_order":0,"comment_status":"closed","ping_status":"closed","template":"elementor_header_footer","meta":{"footnotes":""},"class_list":["post-1256","page","type-page","status-publish","has-post-thumbnail","hentry"],"_links":{"self":[{"href":"https:\/\/aviance.mx\/es\/wp-json\/wp\/v2\/pages\/1256","targetHints":{"allow":["GET"]}}],"collection":[{"href":"https:\/\/aviance.mx\/es\/wp-json\/wp\/v2\/pages"}],"about":[{"href":"https:\/\/aviance.mx\/es\/wp-json\/wp\/v2\/types\/page"}],"author":[{"embeddable":true,"href":"https:\/\/aviance.mx\/es\/wp-json\/wp\/v2\/users\/2"}],"replies":[{"embeddable":true,"href":"https:\/\/aviance.mx\/es\/wp-json\/wp\/v2\/comments?post=1256"}],"version-history":[{"count":14,"href":"https:\/\/aviance.mx\/es\/wp-json\/wp\/v2\/pages\/1256\/revisions"}],"predecessor-version":[{"id":1360,"href":"https:\/\/aviance.mx\/es\/wp-json\/wp\/v2\/pages\/1256\/revisions\/1360"}],"wp:featuredmedia":[{"embeddable":true,"href":"https:\/\/aviance.mx\/es\/wp-json\/wp\/v2\/media\/1096"}],"wp:attachment":[{"href":"https:\/\/aviance.mx\/es\/wp-json\/wp\/v2\/media?parent=1256"}],"curies":[{"name":"wp","href":"https:\/\/api.w.org\/{rel}","templated":true}]}}