{"id":1252,"date":"2025-06-06T19:02:20","date_gmt":"2025-06-06T19:02:20","guid":{"rendered":"https:\/\/aviance.mx\/alquiler-de-drones\/"},"modified":"2025-07-17T22:58:50","modified_gmt":"2025-07-17T22:58:50","slug":"alquiler-de-drones","status":"publish","type":"page","link":"https:\/\/aviance.mx\/es\/alquiler-de-drones\/","title":{"rendered":"DRONES"},"content":{"rendered":"\t\t<div data-elementor-type=\"wp-page\" data-elementor-id=\"1252\" class=\"elementor elementor-1252 elementor-685\" data-elementor-post-type=\"page\">\n\t\t\t\t<div class=\"elementor-element elementor-element-5af53ab e-con-full e-flex e-con e-parent\" data-id=\"5af53ab\" data-element_type=\"container\" data-e-type=\"container\">\n\t\t<div class=\"elementor-element elementor-element-71a2ece e-con-full e-flex e-con e-child\" data-id=\"71a2ece\" data-element_type=\"container\" data-e-type=\"container\" data-settings=\"{&quot;background_background&quot;:&quot;classic&quot;}\">\n\t\t\t\t<div class=\"elementor-element elementor-element-b8f5772 animated-slow elementor-cta--skin-classic elementor-animated-content elementor-bg-transform elementor-bg-transform-zoom-in elementor-invisible elementor-widget elementor-widget-call-to-action\" data-id=\"b8f5772\" data-element_type=\"widget\" data-e-type=\"widget\" data-settings=\"{&quot;_animation&quot;:&quot;slideInUp&quot;}\" data-widget_type=\"call-to-action.default\">\n\t\t\t\t<div class=\"elementor-widget-container\">\n\t\t\t\t\t\t\t<div class=\"elementor-cta\">\n\t\t\t\t\t\t\t<div class=\"elementor-cta__content\">\n\t\t\t\t\n\t\t\t\t\t\t\t\t\t<h3 class=\"elementor-cta__title elementor-cta__content-item elementor-content-item\">\n\t\t\t\t\t\tServicios de drones  \t\t\t\t\t<\/h3>\n\t\t\t\t\n\t\t\t\t\t\t\t\t\t<h1 class=\"elementor-cta__description elementor-cta__content-item elementor-content-item\">\n\t\t\t\t\t\tpara Administraci\u00f3n P\u00fablica, Ingenier\u00eda e Infraestructuras\n\t\t\t\t\t<\/h1>\n\t\t\t\t\n\t\t\t\t\t\t\t<\/div>\n\t\t\t\t\t\t<\/div>\n\t\t\t\t\t\t<\/div>\n\t\t\t\t<\/div>\n\t\t\t\t<\/div>\n\t\t\t\t<\/div>\n\t\t<div class=\"elementor-element elementor-element-7c3de7a0 e-flex e-con-boxed e-con e-parent\" data-id=\"7c3de7a0\" data-element_type=\"container\" data-e-type=\"container\" data-settings=\"{&quot;background_background&quot;:&quot;classic&quot;}\">\n\t\t\t\t\t<div class=\"e-con-inner\">\n\t\t<div class=\"elementor-element elementor-element-25715ac0 e-con-full e-flex e-con e-child\" data-id=\"25715ac0\" data-element_type=\"container\" data-e-type=\"container\" data-settings=\"{&quot;background_background&quot;:&quot;classic&quot;}\">\n\t\t<div class=\"elementor-element elementor-element-28426449 animated-slow e-flex e-con-boxed elementor-invisible e-con e-child\" data-id=\"28426449\" data-element_type=\"container\" data-e-type=\"container\" data-settings=\"{&quot;background_background&quot;:&quot;classic&quot;,&quot;animation&quot;:&quot;slideInUp&quot;}\">\n\t\t\t\t\t<div class=\"e-con-inner\">\n\t\t\t\t<div class=\"elementor-element elementor-element-27000d2 elementor-widget elementor-widget-heading\" data-id=\"27000d2\" data-element_type=\"widget\" data-e-type=\"widget\" data-widget_type=\"heading.default\">\n\t\t\t\t<div class=\"elementor-widget-container\">\n\t\t\t\t\t<h1 class=\"elementor-heading-title elementor-size-default\">DRon alquiler en m\u00e9xico<\/h1>\t\t\t\t<\/div>\n\t\t\t\t<\/div>\n\t\t\t\t<div class=\"elementor-element elementor-element-35156e7 elementor-widget elementor-widget-heading\" data-id=\"35156e7\" data-element_type=\"widget\" data-e-type=\"widget\" data-widget_type=\"heading.default\">\n\t\t\t\t<div class=\"elementor-widget-container\">\n\t\t\t\t\t<h4 class=\"elementor-heading-title elementor-size-default\">Datos a\u00e9reos inteligentes<\/h4>\t\t\t\t<\/div>\n\t\t\t\t<\/div>\n\t\t\t\t<div class=\"elementor-element elementor-element-4cddd75 elementor-widget__width-initial elementor-widget elementor-widget-text-editor\" data-id=\"4cddd75\" data-element_type=\"widget\" data-e-type=\"widget\" data-widget_type=\"text-editor.default\">\n\t\t\t\t<div class=\"elementor-widget-container\">\n\t\t\t\t\t\t\t\t\t<p>Aviance ofrece servicios punteros de drones adaptados al an\u00e1lisis topogr\u00e1fico, la inspecci\u00f3n de infraestructuras, el diagn\u00f3stico agr\u00edcola y la topograf\u00eda del sector p\u00fablico. Combinamos la excelencia t\u00e9cnica con la experiencia normativa para apoyar proyectos a\u00e9reos complejos con claridad y cumplimiento.<\/p>\t\t\t\t\t\t\t\t<\/div>\n\t\t\t\t<\/div>\n\t\t\t\t<div class=\"elementor-element elementor-element-c4d3460 elementor-cta--skin-cover elementor-widget elementor-widget-call-to-action\" data-id=\"c4d3460\" data-element_type=\"widget\" data-e-type=\"widget\" data-widget_type=\"call-to-action.default\">\n\t\t\t\t<div class=\"elementor-widget-container\">\n\t\t\t\t\t\t\t<div class=\"elementor-cta\">\n\t\t\t\t\t<div class=\"elementor-cta__bg-wrapper\">\n\t\t\t\t<div class=\"elementor-cta__bg elementor-bg\" style=\"background-image: url();\" role=\"img\" aria-label=\"\"><\/div>\n\t\t\t\t<div class=\"elementor-cta__bg-overlay\"><\/div>\n\t\t\t<\/div>\n\t\t\t\t\t\t\t<div class=\"elementor-cta__content\">\n\t\t\t\t\n\t\t\t\t\n\t\t\t\t\n\t\t\t\t\t\t\t\t\t<div class=\"elementor-cta__button-wrapper elementor-cta__content-item elementor-content-item \">\n\t\t\t\t\t<a class=\"elementor-cta__button elementor-button elementor-size-\" href=\"https:\/\/aviance.mx\/contact-2\/\">\n\t\t\t\t\t\tgET A QUOTE \u27f6\t\t\t\t\t<\/a>\n\t\t\t\t\t<\/div>\n\t\t\t\t\t\t\t<\/div>\n\t\t\t\t\t\t<\/div>\n\t\t\t\t\t\t<\/div>\n\t\t\t\t<\/div>\n\t\t\t\t\t<\/div>\n\t\t\t\t<\/div>\n\t\t\t\t<\/div>\n\t\t\t\t\t<\/div>\n\t\t\t\t<\/div>\n\t\t<div class=\"elementor-element elementor-element-8777575 e-flex e-con-boxed e-con e-parent\" data-id=\"8777575\" data-element_type=\"container\" data-e-type=\"container\" data-settings=\"{&quot;background_background&quot;:&quot;classic&quot;}\">\n\t\t\t\t\t<div class=\"e-con-inner\">\n\t\t\t\t<div class=\"elementor-element elementor-element-b056a57 elementor-invisible elementor-widget elementor-widget-heading\" data-id=\"b056a57\" data-element_type=\"widget\" data-e-type=\"widget\" data-settings=\"{&quot;_animation&quot;:&quot;slideInUp&quot;}\" data-widget_type=\"heading.default\">\n\t\t\t\t<div class=\"elementor-widget-container\">\n\t\t\t\t\t<h2 class=\"elementor-heading-title elementor-size-default\">Operaciones profesionales con drones<\/h2>\t\t\t\t<\/div>\n\t\t\t\t<\/div>\n\t\t\t\t<div class=\"elementor-element elementor-element-92ea7bd elementor-invisible elementor-widget elementor-widget-heading\" data-id=\"92ea7bd\" data-element_type=\"widget\" data-e-type=\"widget\" data-settings=\"{&quot;_animation&quot;:&quot;slideInUp&quot;}\" data-widget_type=\"heading.default\">\n\t\t\t\t<div class=\"elementor-widget-container\">\n\t\t\t\t\t<h2 class=\"elementor-heading-title elementor-size-default\">soluciones de movilidad a\u00e9rea<\/h2>\t\t\t\t<\/div>\n\t\t\t\t<\/div>\n\t\t\t\t<div class=\"elementor-element elementor-element-ad0cd59 elementor-widget__width-initial animated-slow elementor-invisible elementor-widget elementor-widget-text-editor\" data-id=\"ad0cd59\" data-element_type=\"widget\" data-e-type=\"widget\" data-settings=\"{&quot;_animation&quot;:&quot;slideInUp&quot;}\" data-widget_type=\"text-editor.default\">\n\t\t\t\t<div class=\"elementor-widget-container\">\n\t\t\t\t\t\t\t\t\t<p data-start=\"220\" data-end=\"821\">Nuestros servicios profesionales con drones est\u00e1n dise\u00f1ados para apoyar proyectos de infraestructuras, medioambientales y agr\u00edcolas a gran escala con una precisi\u00f3n a\u00e9rea inigualable. Ofrecemos cartograf\u00eda topogr\u00e1fica, levantamientos catastrales, inspecciones estructurales y evaluaciones medioambientales, todo ello con arreglo a las normas gubernamentales de elaboraci\u00f3n de informes y cumplimiento de la normativa. Operadas por pilotos certificados y con el apoyo de expertos legales en aviaci\u00f3n, nuestras operaciones con drones sirven a municipios, empresas de ingenier\u00eda, organismos estatales y empresas agr\u00edcolas que buscan datos precisos y una ejecuci\u00f3n fiable en los entornos m\u00e1s complejos.<\/p>\t\t\t\t\t\t\t\t<\/div>\n\t\t\t\t<\/div>\n\t\t\t\t\t<\/div>\n\t\t\t\t<\/div>\n\t\t<div class=\"elementor-element elementor-element-aabc281 e-grid e-con-full elementor-hidden-mobile animated-slow elementor-invisible e-con e-parent\" data-id=\"aabc281\" data-element_type=\"container\" data-e-type=\"container\" data-settings=\"{&quot;animation&quot;:&quot;slideInUp&quot;}\">\n\t\t\t\t<div class=\"elementor-element elementor-element-c47b9fb elementor-widget elementor-widget-cz_image\" data-id=\"c47b9fb\" data-element_type=\"widget\" data-e-type=\"widget\" data-widget_type=\"cz_image.default\">\n\t\t\t\t<div class=\"elementor-widget-container\">\n\t\t\t\t\t\r\n\t\t<div class=\"cz_image clr cz_image_no_fx center_on_mobile\" data-position=\"\">\r\n\r\n\t\t\t<div>\r\n\r\n\t\t\t\t<div class=\"cz_image_in\">\r\n\r\n\t\t\t\t\t<div class=\"cz_main_image\"><img fetchpriority=\"high\" decoding=\"async\" width=\"1800\" height=\"1200\" src=\"https:\/\/aviance.mx\/wp-content\/uploads\/2025\/06\/close-up-man-controls-drone-dawn-sun-volcano-batur-bali-indonesia-1.webp\" class=\"attachment-full size-full wp-image-445\" alt=\"\" srcset=\"https:\/\/aviance.mx\/wp-content\/uploads\/2025\/06\/close-up-man-controls-drone-dawn-sun-volcano-batur-bali-indonesia-1.webp 1800w, https:\/\/aviance.mx\/wp-content\/uploads\/2025\/06\/close-up-man-controls-drone-dawn-sun-volcano-batur-bali-indonesia-1-300x200.webp 300w, https:\/\/aviance.mx\/wp-content\/uploads\/2025\/06\/close-up-man-controls-drone-dawn-sun-volcano-batur-bali-indonesia-1-1024x683.webp 1024w, https:\/\/aviance.mx\/wp-content\/uploads\/2025\/06\/close-up-man-controls-drone-dawn-sun-volcano-batur-bali-indonesia-1-768x512.webp 768w, https:\/\/aviance.mx\/wp-content\/uploads\/2025\/06\/close-up-man-controls-drone-dawn-sun-volcano-batur-bali-indonesia-1-1536x1024.webp 1536w, https:\/\/aviance.mx\/wp-content\/uploads\/2025\/06\/close-up-man-controls-drone-dawn-sun-volcano-batur-bali-indonesia-1-600x400.webp 600w\" sizes=\"(max-width: 1800px) 100vw, 1800px\" \/><\/div>\r\n\r\n\t\t\t\t\t<div class=\"cz_hover_image\"><img fetchpriority=\"high\" decoding=\"async\" width=\"1800\" height=\"1200\" src=\"https:\/\/aviance.mx\/wp-content\/uploads\/2025\/06\/close-up-man-controls-drone-dawn-sun-volcano-batur-bali-indonesia-1.webp\" class=\"attachment-full size-full wp-image-445\" alt=\"\" srcset=\"https:\/\/aviance.mx\/wp-content\/uploads\/2025\/06\/close-up-man-controls-drone-dawn-sun-volcano-batur-bali-indonesia-1.webp 1800w, https:\/\/aviance.mx\/wp-content\/uploads\/2025\/06\/close-up-man-controls-drone-dawn-sun-volcano-batur-bali-indonesia-1-300x200.webp 300w, https:\/\/aviance.mx\/wp-content\/uploads\/2025\/06\/close-up-man-controls-drone-dawn-sun-volcano-batur-bali-indonesia-1-1024x683.webp 1024w, https:\/\/aviance.mx\/wp-content\/uploads\/2025\/06\/close-up-man-controls-drone-dawn-sun-volcano-batur-bali-indonesia-1-768x512.webp 768w, https:\/\/aviance.mx\/wp-content\/uploads\/2025\/06\/close-up-man-controls-drone-dawn-sun-volcano-batur-bali-indonesia-1-1536x1024.webp 1536w, https:\/\/aviance.mx\/wp-content\/uploads\/2025\/06\/close-up-man-controls-drone-dawn-sun-volcano-batur-bali-indonesia-1-600x400.webp 600w\" sizes=\"(max-width: 1800px) 100vw, 1800px\" \/><\/div>\r\n\t\t\t\t<\/div>\r\n\r\n\t\t\t\t\r\n\t\t\t<\/div>\r\n\r\n\t\t<\/div>\r\n\r\n\t\t\t\t\t<\/div>\n\t\t\t\t<\/div>\n\t\t\t\t<div class=\"elementor-element elementor-element-56ab441 elementor-widget elementor-widget-cz_image\" data-id=\"56ab441\" data-element_type=\"widget\" data-e-type=\"widget\" data-widget_type=\"cz_image.default\">\n\t\t\t\t<div class=\"elementor-widget-container\">\n\t\t\t\t\t\r\n\t\t<div class=\"cz_image clr cz_image_no_fx center_on_mobile\" data-position=\"\">\r\n\r\n\t\t\t<div>\r\n\r\n\t\t\t\t<div class=\"cz_image_in\">\r\n\r\n\t\t\t\t\t<div class=\"cz_main_image\"><img decoding=\"async\" width=\"1600\" height=\"1067\" src=\"https:\/\/aviance.mx\/wp-content\/uploads\/2025\/06\/drone-takes-off-from-hand.jpg\" class=\"attachment-full size-full wp-image-688\" alt=\"\" srcset=\"https:\/\/aviance.mx\/wp-content\/uploads\/2025\/06\/drone-takes-off-from-hand.jpg 1600w, https:\/\/aviance.mx\/wp-content\/uploads\/2025\/06\/drone-takes-off-from-hand-300x200.jpg 300w, https:\/\/aviance.mx\/wp-content\/uploads\/2025\/06\/drone-takes-off-from-hand-1024x683.jpg 1024w, https:\/\/aviance.mx\/wp-content\/uploads\/2025\/06\/drone-takes-off-from-hand-768x512.jpg 768w, https:\/\/aviance.mx\/wp-content\/uploads\/2025\/06\/drone-takes-off-from-hand-1536x1024.jpg 1536w, https:\/\/aviance.mx\/wp-content\/uploads\/2025\/06\/drone-takes-off-from-hand-600x400.jpg 600w\" sizes=\"(max-width: 1600px) 100vw, 1600px\" \/><\/div>\r\n\r\n\t\t\t\t\t<div class=\"cz_hover_image\"><img decoding=\"async\" width=\"1600\" height=\"1067\" src=\"https:\/\/aviance.mx\/wp-content\/uploads\/2025\/06\/drone-takes-off-from-hand.jpg\" class=\"attachment-full size-full wp-image-688\" alt=\"\" srcset=\"https:\/\/aviance.mx\/wp-content\/uploads\/2025\/06\/drone-takes-off-from-hand.jpg 1600w, https:\/\/aviance.mx\/wp-content\/uploads\/2025\/06\/drone-takes-off-from-hand-300x200.jpg 300w, https:\/\/aviance.mx\/wp-content\/uploads\/2025\/06\/drone-takes-off-from-hand-1024x683.jpg 1024w, https:\/\/aviance.mx\/wp-content\/uploads\/2025\/06\/drone-takes-off-from-hand-768x512.jpg 768w, https:\/\/aviance.mx\/wp-content\/uploads\/2025\/06\/drone-takes-off-from-hand-1536x1024.jpg 1536w, https:\/\/aviance.mx\/wp-content\/uploads\/2025\/06\/drone-takes-off-from-hand-600x400.jpg 600w\" sizes=\"(max-width: 1600px) 100vw, 1600px\" \/><\/div>\r\n\t\t\t\t<\/div>\r\n\r\n\t\t\t\t\r\n\t\t\t<\/div>\r\n\r\n\t\t<\/div>\r\n\r\n\t\t\t\t\t<\/div>\n\t\t\t\t<\/div>\n\t\t\t\t<div class=\"elementor-element elementor-element-4618b4d elementor-widget elementor-widget-cz_image\" data-id=\"4618b4d\" data-element_type=\"widget\" data-e-type=\"widget\" data-widget_type=\"cz_image.default\">\n\t\t\t\t<div class=\"elementor-widget-container\">\n\t\t\t\t\t\r\n\t\t<div class=\"cz_image clr cz_image_no_fx center_on_mobile\" data-position=\"\">\r\n\r\n\t\t\t<div>\r\n\r\n\t\t\t\t<div class=\"cz_image_in\">\r\n\r\n\t\t\t\t\t<div class=\"cz_main_image\"><img decoding=\"async\" width=\"1600\" height=\"1067\" src=\"https:\/\/aviance.mx\/wp-content\/uploads\/2025\/06\/quadcopter-flying-park.jpg\" class=\"attachment-full size-full wp-image-689\" alt=\"\" srcset=\"https:\/\/aviance.mx\/wp-content\/uploads\/2025\/06\/quadcopter-flying-park.jpg 1600w, https:\/\/aviance.mx\/wp-content\/uploads\/2025\/06\/quadcopter-flying-park-300x200.jpg 300w, https:\/\/aviance.mx\/wp-content\/uploads\/2025\/06\/quadcopter-flying-park-1024x683.jpg 1024w, https:\/\/aviance.mx\/wp-content\/uploads\/2025\/06\/quadcopter-flying-park-768x512.jpg 768w, https:\/\/aviance.mx\/wp-content\/uploads\/2025\/06\/quadcopter-flying-park-1536x1024.jpg 1536w, https:\/\/aviance.mx\/wp-content\/uploads\/2025\/06\/quadcopter-flying-park-600x400.jpg 600w\" sizes=\"(max-width: 1600px) 100vw, 1600px\" \/><\/div>\r\n\r\n\t\t\t\t\t<div class=\"cz_hover_image\"><img decoding=\"async\" width=\"1600\" height=\"1067\" src=\"https:\/\/aviance.mx\/wp-content\/uploads\/2025\/06\/quadcopter-flying-park.jpg\" class=\"attachment-full size-full wp-image-689\" alt=\"\" srcset=\"https:\/\/aviance.mx\/wp-content\/uploads\/2025\/06\/quadcopter-flying-park.jpg 1600w, https:\/\/aviance.mx\/wp-content\/uploads\/2025\/06\/quadcopter-flying-park-300x200.jpg 300w, https:\/\/aviance.mx\/wp-content\/uploads\/2025\/06\/quadcopter-flying-park-1024x683.jpg 1024w, https:\/\/aviance.mx\/wp-content\/uploads\/2025\/06\/quadcopter-flying-park-768x512.jpg 768w, https:\/\/aviance.mx\/wp-content\/uploads\/2025\/06\/quadcopter-flying-park-1536x1024.jpg 1536w, https:\/\/aviance.mx\/wp-content\/uploads\/2025\/06\/quadcopter-flying-park-600x400.jpg 600w\" sizes=\"(max-width: 1600px) 100vw, 1600px\" \/><\/div>\r\n\t\t\t\t<\/div>\r\n\r\n\t\t\t\t\r\n\t\t\t<\/div>\r\n\r\n\t\t<\/div>\r\n\r\n\t\t\t\t\t<\/div>\n\t\t\t\t<\/div>\n\t\t\t\t<\/div>\n\t\t\t\t<\/div>\n\t\t","protected":false},"excerpt":{"rendered":"<p>Servicios de drones para Administraci\u00f3n P\u00fablica, Ingenier\u00eda e Infraestructuras DRon alquiler en m\u00e9xico Datos a\u00e9reos inteligentes Aviance ofrece servicios punteros de drones adaptados al an\u00e1lisis topogr\u00e1fico, la inspecci\u00f3n de infraestructuras, el diagn\u00f3stico agr\u00edcola y la topograf\u00eda del sector p\u00fablico. Combinamos la excelencia t\u00e9cnica con la experiencia normativa para apoyar proyectos a\u00e9reos complejos con claridad y [&hellip;]<\/p>\n","protected":false},"author":2,"featured_media":1096,"parent":0,"menu_order":0,"comment_status":"closed","ping_status":"closed","template":"elementor_header_footer","meta":{"footnotes":""},"class_list":["post-1252","page","type-page","status-publish","has-post-thumbnail","hentry"],"_links":{"self":[{"href":"https:\/\/aviance.mx\/es\/wp-json\/wp\/v2\/pages\/1252","targetHints":{"allow":["GET"]}}],"collection":[{"href":"https:\/\/aviance.mx\/es\/wp-json\/wp\/v2\/pages"}],"about":[{"href":"https:\/\/aviance.mx\/es\/wp-json\/wp\/v2\/types\/page"}],"author":[{"embeddable":true,"href":"https:\/\/aviance.mx\/es\/wp-json\/wp\/v2\/users\/2"}],"replies":[{"embeddable":true,"href":"https:\/\/aviance.mx\/es\/wp-json\/wp\/v2\/comments?post=1252"}],"version-history":[{"count":2,"href":"https:\/\/aviance.mx\/es\/wp-json\/wp\/v2\/pages\/1252\/revisions"}],"predecessor-version":[{"id":1277,"href":"https:\/\/aviance.mx\/es\/wp-json\/wp\/v2\/pages\/1252\/revisions\/1277"}],"wp:featuredmedia":[{"embeddable":true,"href":"https:\/\/aviance.mx\/es\/wp-json\/wp\/v2\/media\/1096"}],"wp:attachment":[{"href":"https:\/\/aviance.mx\/es\/wp-json\/wp\/v2\/media?parent=1252"}],"curies":[{"name":"wp","href":"https:\/\/api.w.org\/{rel}","templated":true}]}}