{"id":1248,"date":"2025-07-03T23:54:42","date_gmt":"2025-07-03T23:54:42","guid":{"rendered":"https:\/\/aviance.mx\/preguntas-frecuentes\/"},"modified":"2025-07-17T22:56:05","modified_gmt":"2025-07-17T22:56:05","slug":"preguntas-frecuentes","status":"publish","type":"page","link":"https:\/\/aviance.mx\/es\/preguntas-frecuentes\/","title":{"rendered":"PREGUNTAS FRECUENTES"},"content":{"rendered":"\t\t<div data-elementor-type=\"wp-page\" data-elementor-id=\"1248\" class=\"elementor elementor-1248 elementor-955\" data-elementor-post-type=\"page\">\n\t\t\t\t<div class=\"elementor-element elementor-element-9260510 e-flex e-con-boxed e-con e-parent\" data-id=\"9260510\" data-element_type=\"container\" data-e-type=\"container\" id=\"consulting\" data-settings=\"{&quot;background_background&quot;:&quot;classic&quot;}\">\n\t\t\t\t\t<div class=\"e-con-inner\">\n\t\t\t\t<div class=\"elementor-element elementor-element-392ada5 animated-slow elementor-invisible elementor-widget elementor-widget-heading\" data-id=\"392ada5\" data-element_type=\"widget\" data-e-type=\"widget\" data-settings=\"{&quot;_animation&quot;:&quot;slideInUp&quot;}\" data-widget_type=\"heading.default\">\n\t\t\t\t<div class=\"elementor-widget-container\">\n\t\t\t\t\t<h1 class=\"elementor-heading-title elementor-size-default\">PREGUNTAS FRECUENTES<\/h1>\t\t\t\t<\/div>\n\t\t\t\t<\/div>\n\t\t\t\t<div class=\"elementor-element elementor-element-ae77920 elementor-invisible elementor-widget elementor-widget-heading\" data-id=\"ae77920\" data-element_type=\"widget\" data-e-type=\"widget\" data-settings=\"{&quot;_animation&quot;:&quot;slideInUp&quot;}\" data-widget_type=\"heading.default\">\n\t\t\t\t<div class=\"elementor-widget-container\">\n\t\t\t\t\t<h2 class=\"elementor-heading-title elementor-size-default\">soluciones de movilidad a\u00e9rea<\/h2>\t\t\t\t<\/div>\n\t\t\t\t<\/div>\n\t\t\t\t<div class=\"elementor-element elementor-element-c29a2e4 animated-slow elementor-invisible elementor-widget elementor-widget-toggle\" data-id=\"c29a2e4\" data-element_type=\"widget\" data-e-type=\"widget\" data-settings=\"{&quot;_animation&quot;:&quot;bounceInUp&quot;}\" data-widget_type=\"toggle.default\">\n\t\t\t\t<div class=\"elementor-widget-container\">\n\t\t\t\t\t\t\t<div class=\"elementor-toggle\">\n\t\t\t\t\t\t\t<div class=\"elementor-toggle-item\">\n\t\t\t\t\t<div id=\"elementor-tab-title-2041\" class=\"elementor-tab-title\" data-tab=\"1\" role=\"button\" aria-controls=\"elementor-tab-content-2041\" aria-expanded=\"false\">\n\t\t\t\t\t\t\t\t\t\t\t\t<span class=\"elementor-toggle-icon elementor-toggle-icon-right\" aria-hidden=\"true\">\n\t\t\t\t\t\t\t\t\t\t\t\t\t\t\t<span class=\"elementor-toggle-icon-closed\"><svg xmlns=\"http:\/\/www.w3.org\/2000\/svg\" id=\"ab1177c9-fb20-4263-9ebc-6f3bd964df82\" data-name=\"afba7dac-e774-4062-b1f6-f0f6702c3dce\" viewBox=\"0 0 20.6822 20.6822\"><polygon points=\"5.851 13.838 10.265 18.63 10.773 18.097 10.791 18.097 10.791 18.078 14.831 13.844 14.107 13.154 10.786 16.635 10.732 2.052 9.732 2.056 9.786 16.634 6.587 13.16 5.851 13.838\"><\/polygon><rect width=\"20.6822\" height=\"20.6822\" style=\"fill:none\"><\/rect><\/svg><\/span>\n\t\t\t\t\t\t\t\t<span class=\"elementor-toggle-icon-opened\"><svg xmlns=\"http:\/\/www.w3.org\/2000\/svg\" id=\"bd15c69f-782a-4e52-b822-774624a64299\" data-name=\"afba7dac-e774-4062-b1f6-f0f6702c3dce\" viewBox=\"0 0 20.6822 20.6822\"><polygon points=\"14.831 6.844 10.417 2.052 9.909 2.585 9.891 2.585 9.891 2.604 5.851 6.838 6.575 7.528 9.896 4.047 9.95 18.63 10.95 18.626 10.896 4.048 14.095 7.522 14.831 6.844\"><\/polygon><rect width=\"20.6822\" height=\"20.6822\" style=\"fill:none\"><\/rect><\/svg><\/span>\n\t\t\t\t\t\t\t\t\t\t\t\t\t<\/span>\n\t\t\t\t\t\t\t\t\t\t\t\t<a class=\"elementor-toggle-title\" tabindex=\"0\">\u00bfQu\u00e9 servicios jur\u00eddicos ofrec\u00e9is en el sector de la aviaci\u00f3n?<\/a>\n\t\t\t\t\t<\/div>\n\n\t\t\t\t\t<div id=\"elementor-tab-content-2041\" class=\"elementor-tab-content elementor-clearfix\" data-tab=\"1\" role=\"region\" aria-labelledby=\"elementor-tab-title-2041\"><p>Proporcionamos asesoramiento jur\u00eddico para la compraventa de aeronaves, gesti\u00f3n de registros, incorporaci\u00f3n a permisos de aeronavegabilidad, servicios de mantenimiento certificado y estrategia y planificaci\u00f3n fiscal espec\u00edficamente adaptadas a la propiedad de aeronaves.<\/p>\n<\/div>\n\t\t\t\t<\/div>\n\t\t\t\t\t\t\t<div class=\"elementor-toggle-item\">\n\t\t\t\t\t<div id=\"elementor-tab-title-2042\" class=\"elementor-tab-title\" data-tab=\"2\" role=\"button\" aria-controls=\"elementor-tab-content-2042\" aria-expanded=\"false\">\n\t\t\t\t\t\t\t\t\t\t\t\t<span class=\"elementor-toggle-icon elementor-toggle-icon-right\" aria-hidden=\"true\">\n\t\t\t\t\t\t\t\t\t\t\t\t\t\t\t<span class=\"elementor-toggle-icon-closed\"><svg xmlns=\"http:\/\/www.w3.org\/2000\/svg\" id=\"ab1177c9-fb20-4263-9ebc-6f3bd964df82\" data-name=\"afba7dac-e774-4062-b1f6-f0f6702c3dce\" viewBox=\"0 0 20.6822 20.6822\"><polygon points=\"5.851 13.838 10.265 18.63 10.773 18.097 10.791 18.097 10.791 18.078 14.831 13.844 14.107 13.154 10.786 16.635 10.732 2.052 9.732 2.056 9.786 16.634 6.587 13.16 5.851 13.838\"><\/polygon><rect width=\"20.6822\" height=\"20.6822\" style=\"fill:none\"><\/rect><\/svg><\/span>\n\t\t\t\t\t\t\t\t<span class=\"elementor-toggle-icon-opened\"><svg xmlns=\"http:\/\/www.w3.org\/2000\/svg\" id=\"bd15c69f-782a-4e52-b822-774624a64299\" data-name=\"afba7dac-e774-4062-b1f6-f0f6702c3dce\" viewBox=\"0 0 20.6822 20.6822\"><polygon points=\"14.831 6.844 10.417 2.052 9.909 2.585 9.891 2.585 9.891 2.604 5.851 6.838 6.575 7.528 9.896 4.047 9.95 18.63 10.95 18.626 10.896 4.048 14.095 7.522 14.831 6.844\"><\/polygon><rect width=\"20.6822\" height=\"20.6822\" style=\"fill:none\"><\/rect><\/svg><\/span>\n\t\t\t\t\t\t\t\t\t\t\t\t\t<\/span>\n\t\t\t\t\t\t\t\t\t\t\t\t<a class=\"elementor-toggle-title\" tabindex=\"0\">\u00bfC\u00f3mo puedo comprar o vender legalmente una aeronave?<\/a>\n\t\t\t\t\t<\/div>\n\n\t\t\t\t\t<div id=\"elementor-tab-content-2042\" class=\"elementor-tab-content elementor-clearfix\" data-tab=\"2\" role=\"region\" aria-labelledby=\"elementor-tab-title-2042\"><ul>\n<li data-start=\"452\" data-end=\"695\">\n<p data-start=\"455\" data-end=\"695\">Nuestro equipo te gu\u00eda a lo largo de todo el proceso -desde la revisi\u00f3n jur\u00eddica y la redacci\u00f3n del contrato hasta la transmisi\u00f3n de la propiedad-, garantizando el pleno cumplimiento de la normativa aeron\u00e1utica mexicana e internacional.<\/p>\n<\/li>\n<li data-start=\"697\" data-end=\"970\">\n<p data-start=\"700\" data-end=\"970\">\n<\/li>\n<\/ul>\n<\/div>\n\t\t\t\t<\/div>\n\t\t\t\t\t\t\t<div class=\"elementor-toggle-item\">\n\t\t\t\t\t<div id=\"elementor-tab-title-2043\" class=\"elementor-tab-title\" data-tab=\"3\" role=\"button\" aria-controls=\"elementor-tab-content-2043\" aria-expanded=\"false\">\n\t\t\t\t\t\t\t\t\t\t\t\t<span class=\"elementor-toggle-icon elementor-toggle-icon-right\" aria-hidden=\"true\">\n\t\t\t\t\t\t\t\t\t\t\t\t\t\t\t<span class=\"elementor-toggle-icon-closed\"><svg xmlns=\"http:\/\/www.w3.org\/2000\/svg\" id=\"ab1177c9-fb20-4263-9ebc-6f3bd964df82\" data-name=\"afba7dac-e774-4062-b1f6-f0f6702c3dce\" viewBox=\"0 0 20.6822 20.6822\"><polygon points=\"5.851 13.838 10.265 18.63 10.773 18.097 10.791 18.097 10.791 18.078 14.831 13.844 14.107 13.154 10.786 16.635 10.732 2.052 9.732 2.056 9.786 16.634 6.587 13.16 5.851 13.838\"><\/polygon><rect width=\"20.6822\" height=\"20.6822\" style=\"fill:none\"><\/rect><\/svg><\/span>\n\t\t\t\t\t\t\t\t<span class=\"elementor-toggle-icon-opened\"><svg xmlns=\"http:\/\/www.w3.org\/2000\/svg\" id=\"bd15c69f-782a-4e52-b822-774624a64299\" data-name=\"afba7dac-e774-4062-b1f6-f0f6702c3dce\" viewBox=\"0 0 20.6822 20.6822\"><polygon points=\"14.831 6.844 10.417 2.052 9.909 2.585 9.891 2.585 9.891 2.604 5.851 6.838 6.575 7.528 9.896 4.047 9.95 18.63 10.95 18.626 10.896 4.048 14.095 7.522 14.831 6.844\"><\/polygon><rect width=\"20.6822\" height=\"20.6822\" style=\"fill:none\"><\/rect><\/svg><\/span>\n\t\t\t\t\t\t\t\t\t\t\t\t\t<\/span>\n\t\t\t\t\t\t\t\t\t\t\t\t<a class=\"elementor-toggle-title\" tabindex=\"0\">\u00bfQu\u00e9 es la gesti\u00f3n del registro de aeronaves y por qu\u00e9 es importante?<\/a>\n\t\t\t\t\t<\/div>\n\n\t\t\t\t\t<div id=\"elementor-tab-content-2043\" class=\"elementor-tab-content elementor-clearfix\" data-tab=\"3\" role=\"region\" aria-labelledby=\"elementor-tab-title-2043\"><p>La gesti\u00f3n de la matriculaci\u00f3n implica el registro oficial de una aeronave ante las autoridades competentes. Este proceso es esencial para garantizar el estatus legal de la aeronave y su libertad de operaci\u00f3n. <\/p>\n<\/div>\n\t\t\t\t<\/div>\n\t\t\t\t\t\t\t<div class=\"elementor-toggle-item\">\n\t\t\t\t\t<div id=\"elementor-tab-title-2044\" class=\"elementor-tab-title\" data-tab=\"4\" role=\"button\" aria-controls=\"elementor-tab-content-2044\" aria-expanded=\"false\">\n\t\t\t\t\t\t\t\t\t\t\t\t<span class=\"elementor-toggle-icon elementor-toggle-icon-right\" aria-hidden=\"true\">\n\t\t\t\t\t\t\t\t\t\t\t\t\t\t\t<span class=\"elementor-toggle-icon-closed\"><svg xmlns=\"http:\/\/www.w3.org\/2000\/svg\" id=\"ab1177c9-fb20-4263-9ebc-6f3bd964df82\" data-name=\"afba7dac-e774-4062-b1f6-f0f6702c3dce\" viewBox=\"0 0 20.6822 20.6822\"><polygon points=\"5.851 13.838 10.265 18.63 10.773 18.097 10.791 18.097 10.791 18.078 14.831 13.844 14.107 13.154 10.786 16.635 10.732 2.052 9.732 2.056 9.786 16.634 6.587 13.16 5.851 13.838\"><\/polygon><rect width=\"20.6822\" height=\"20.6822\" style=\"fill:none\"><\/rect><\/svg><\/span>\n\t\t\t\t\t\t\t\t<span class=\"elementor-toggle-icon-opened\"><svg xmlns=\"http:\/\/www.w3.org\/2000\/svg\" id=\"bd15c69f-782a-4e52-b822-774624a64299\" data-name=\"afba7dac-e774-4062-b1f6-f0f6702c3dce\" viewBox=\"0 0 20.6822 20.6822\"><polygon points=\"14.831 6.844 10.417 2.052 9.909 2.585 9.891 2.585 9.891 2.604 5.851 6.838 6.575 7.528 9.896 4.047 9.95 18.63 10.95 18.626 10.896 4.048 14.095 7.522 14.831 6.844\"><\/polygon><rect width=\"20.6822\" height=\"20.6822\" style=\"fill:none\"><\/rect><\/svg><\/span>\n\t\t\t\t\t\t\t\t\t\t\t\t\t<\/span>\n\t\t\t\t\t\t\t\t\t\t\t\t<a class=\"elementor-toggle-title\" tabindex=\"0\">\u00bfPuedo matricular una aeronave con permisos de aeronavegabilidad mexicanos?<\/a>\n\t\t\t\t\t<\/div>\n\n\t\t\t\t\t<div id=\"elementor-tab-content-2044\" class=\"elementor-tab-content elementor-clearfix\" data-tab=\"4\" role=\"region\" aria-labelledby=\"elementor-tab-title-2044\"><p class=\"p1\">S\u00ed, te asistimos en todo el proceso de constituci\u00f3n y obtenci\u00f3n de permisos de aeronavegabilidad, lo que te permite operar legalmente tu aeronave en M\u00e9xico y a nivel internacional.<\/p>\n<\/div>\n\t\t\t\t<\/div>\n\t\t\t\t\t\t\t<div class=\"elementor-toggle-item\">\n\t\t\t\t\t<div id=\"elementor-tab-title-2045\" class=\"elementor-tab-title\" data-tab=\"5\" role=\"button\" aria-controls=\"elementor-tab-content-2045\" aria-expanded=\"false\">\n\t\t\t\t\t\t\t\t\t\t\t\t<span class=\"elementor-toggle-icon elementor-toggle-icon-right\" aria-hidden=\"true\">\n\t\t\t\t\t\t\t\t\t\t\t\t\t\t\t<span class=\"elementor-toggle-icon-closed\"><svg xmlns=\"http:\/\/www.w3.org\/2000\/svg\" id=\"ab1177c9-fb20-4263-9ebc-6f3bd964df82\" data-name=\"afba7dac-e774-4062-b1f6-f0f6702c3dce\" viewBox=\"0 0 20.6822 20.6822\"><polygon points=\"5.851 13.838 10.265 18.63 10.773 18.097 10.791 18.097 10.791 18.078 14.831 13.844 14.107 13.154 10.786 16.635 10.732 2.052 9.732 2.056 9.786 16.634 6.587 13.16 5.851 13.838\"><\/polygon><rect width=\"20.6822\" height=\"20.6822\" style=\"fill:none\"><\/rect><\/svg><\/span>\n\t\t\t\t\t\t\t\t<span class=\"elementor-toggle-icon-opened\"><svg xmlns=\"http:\/\/www.w3.org\/2000\/svg\" id=\"bd15c69f-782a-4e52-b822-774624a64299\" data-name=\"afba7dac-e774-4062-b1f6-f0f6702c3dce\" viewBox=\"0 0 20.6822 20.6822\"><polygon points=\"14.831 6.844 10.417 2.052 9.909 2.585 9.891 2.585 9.891 2.604 5.851 6.838 6.575 7.528 9.896 4.047 9.95 18.63 10.95 18.626 10.896 4.048 14.095 7.522 14.831 6.844\"><\/polygon><rect width=\"20.6822\" height=\"20.6822\" style=\"fill:none\"><\/rect><\/svg><\/span>\n\t\t\t\t\t\t\t\t\t\t\t\t\t<\/span>\n\t\t\t\t\t\t\t\t\t\t\t\t<a class=\"elementor-toggle-title\" tabindex=\"0\">\u00bfQu\u00e9 tipo de servicios de mantenimiento ofrec\u00e9is?<\/a>\n\t\t\t\t\t<\/div>\n\n\t\t\t\t\t<div id=\"elementor-tab-content-2045\" class=\"elementor-tab-content elementor-clearfix\" data-tab=\"5\" role=\"region\" aria-labelledby=\"elementor-tab-title-2045\"><p data-start=\"1228\" data-end=\"1436\">Asesoramos y coordinamos servicios de mantenimiento certificados para garantizar que las aeronaves se mantengan en condiciones \u00f3ptimas y cumplan plenamente las normas de seguridad a\u00e9rea.<\/p>\n<ul>\n<li data-start=\"1438\" data-end=\"1659\">\n<p data-start=\"1441\" data-end=\"1659\">\n<\/li>\n<\/ul>\n<\/div>\n\t\t\t\t<\/div>\n\t\t\t\t\t\t\t<div class=\"elementor-toggle-item\">\n\t\t\t\t\t<div id=\"elementor-tab-title-2046\" class=\"elementor-tab-title\" data-tab=\"6\" role=\"button\" aria-controls=\"elementor-tab-content-2046\" aria-expanded=\"false\">\n\t\t\t\t\t\t\t\t\t\t\t\t<span class=\"elementor-toggle-icon elementor-toggle-icon-right\" aria-hidden=\"true\">\n\t\t\t\t\t\t\t\t\t\t\t\t\t\t\t<span class=\"elementor-toggle-icon-closed\"><svg xmlns=\"http:\/\/www.w3.org\/2000\/svg\" id=\"ab1177c9-fb20-4263-9ebc-6f3bd964df82\" data-name=\"afba7dac-e774-4062-b1f6-f0f6702c3dce\" viewBox=\"0 0 20.6822 20.6822\"><polygon points=\"5.851 13.838 10.265 18.63 10.773 18.097 10.791 18.097 10.791 18.078 14.831 13.844 14.107 13.154 10.786 16.635 10.732 2.052 9.732 2.056 9.786 16.634 6.587 13.16 5.851 13.838\"><\/polygon><rect width=\"20.6822\" height=\"20.6822\" style=\"fill:none\"><\/rect><\/svg><\/span>\n\t\t\t\t\t\t\t\t<span class=\"elementor-toggle-icon-opened\"><svg xmlns=\"http:\/\/www.w3.org\/2000\/svg\" id=\"bd15c69f-782a-4e52-b822-774624a64299\" data-name=\"afba7dac-e774-4062-b1f6-f0f6702c3dce\" viewBox=\"0 0 20.6822 20.6822\"><polygon points=\"14.831 6.844 10.417 2.052 9.909 2.585 9.891 2.585 9.891 2.604 5.851 6.838 6.575 7.528 9.896 4.047 9.95 18.63 10.95 18.626 10.896 4.048 14.095 7.522 14.831 6.844\"><\/polygon><rect width=\"20.6822\" height=\"20.6822\" style=\"fill:none\"><\/rect><\/svg><\/span>\n\t\t\t\t\t\t\t\t\t\t\t\t\t<\/span>\n\t\t\t\t\t\t\t\t\t\t\t\t<a class=\"elementor-toggle-title\" tabindex=\"0\">\u00bfOfrec\u00e9is servicios de asesoramiento fiscal a los propietarios de aeronaves?<\/a>\n\t\t\t\t\t<\/div>\n\n\t\t\t\t\t<div id=\"elementor-tab-content-2046\" class=\"elementor-tab-content elementor-clearfix\" data-tab=\"6\" role=\"region\" aria-labelledby=\"elementor-tab-title-2046\"><p>S\u00ed, desarrollamos estrategias fiscales eficaces y prestamos servicios de planificaci\u00f3n fiscal a medida que implican la incorporaci\u00f3n de aeronaves y se adaptan a tus necesidades espec\u00edficas.<\/p>\n<\/div>\n\t\t\t\t<\/div>\n\t\t\t\t\t\t\t<div class=\"elementor-toggle-item\">\n\t\t\t\t\t<div id=\"elementor-tab-title-2047\" class=\"elementor-tab-title\" data-tab=\"7\" role=\"button\" aria-controls=\"elementor-tab-content-2047\" aria-expanded=\"false\">\n\t\t\t\t\t\t\t\t\t\t\t\t<span class=\"elementor-toggle-icon elementor-toggle-icon-right\" aria-hidden=\"true\">\n\t\t\t\t\t\t\t\t\t\t\t\t\t\t\t<span class=\"elementor-toggle-icon-closed\"><svg xmlns=\"http:\/\/www.w3.org\/2000\/svg\" id=\"ab1177c9-fb20-4263-9ebc-6f3bd964df82\" data-name=\"afba7dac-e774-4062-b1f6-f0f6702c3dce\" viewBox=\"0 0 20.6822 20.6822\"><polygon points=\"5.851 13.838 10.265 18.63 10.773 18.097 10.791 18.097 10.791 18.078 14.831 13.844 14.107 13.154 10.786 16.635 10.732 2.052 9.732 2.056 9.786 16.634 6.587 13.16 5.851 13.838\"><\/polygon><rect width=\"20.6822\" height=\"20.6822\" style=\"fill:none\"><\/rect><\/svg><\/span>\n\t\t\t\t\t\t\t\t<span class=\"elementor-toggle-icon-opened\"><svg xmlns=\"http:\/\/www.w3.org\/2000\/svg\" id=\"bd15c69f-782a-4e52-b822-774624a64299\" data-name=\"afba7dac-e774-4062-b1f6-f0f6702c3dce\" viewBox=\"0 0 20.6822 20.6822\"><polygon points=\"14.831 6.844 10.417 2.052 9.909 2.585 9.891 2.585 9.891 2.604 5.851 6.838 6.575 7.528 9.896 4.047 9.95 18.63 10.95 18.626 10.896 4.048 14.095 7.522 14.831 6.844\"><\/polygon><rect width=\"20.6822\" height=\"20.6822\" style=\"fill:none\"><\/rect><\/svg><\/span>\n\t\t\t\t\t\t\t\t\t\t\t\t\t<\/span>\n\t\t\t\t\t\t\t\t\t\t\t\t<a class=\"elementor-toggle-title\" tabindex=\"0\">\u00bfQu\u00e9 documentos se necesitan para comprar o vender una aeronave?<\/a>\n\t\t\t\t\t<\/div>\n\n\t\t\t\t\t<div id=\"elementor-tab-content-2047\" class=\"elementor-tab-content elementor-clearfix\" data-tab=\"7\" role=\"region\" aria-labelledby=\"elementor-tab-title-2047\"><p>Los requisitos de documentaci\u00f3n var\u00edan seg\u00fan el caso, pero suelen incluir certificados de propiedad, permisos, registros de mantenimiento y certificados de matriculaci\u00f3n. Nuestro equipo te guiar\u00e1 a lo largo de todo el proceso de documentaci\u00f3n. <\/p>\n<\/div>\n\t\t\t\t<\/div>\n\t\t\t\t\t\t\t<div class=\"elementor-toggle-item\">\n\t\t\t\t\t<div id=\"elementor-tab-title-2048\" class=\"elementor-tab-title\" data-tab=\"8\" role=\"button\" aria-controls=\"elementor-tab-content-2048\" aria-expanded=\"false\">\n\t\t\t\t\t\t\t\t\t\t\t\t<span class=\"elementor-toggle-icon elementor-toggle-icon-right\" aria-hidden=\"true\">\n\t\t\t\t\t\t\t\t\t\t\t\t\t\t\t<span class=\"elementor-toggle-icon-closed\"><svg xmlns=\"http:\/\/www.w3.org\/2000\/svg\" id=\"ab1177c9-fb20-4263-9ebc-6f3bd964df82\" data-name=\"afba7dac-e774-4062-b1f6-f0f6702c3dce\" viewBox=\"0 0 20.6822 20.6822\"><polygon points=\"5.851 13.838 10.265 18.63 10.773 18.097 10.791 18.097 10.791 18.078 14.831 13.844 14.107 13.154 10.786 16.635 10.732 2.052 9.732 2.056 9.786 16.634 6.587 13.16 5.851 13.838\"><\/polygon><rect width=\"20.6822\" height=\"20.6822\" style=\"fill:none\"><\/rect><\/svg><\/span>\n\t\t\t\t\t\t\t\t<span class=\"elementor-toggle-icon-opened\"><svg xmlns=\"http:\/\/www.w3.org\/2000\/svg\" id=\"bd15c69f-782a-4e52-b822-774624a64299\" data-name=\"afba7dac-e774-4062-b1f6-f0f6702c3dce\" viewBox=\"0 0 20.6822 20.6822\"><polygon points=\"14.831 6.844 10.417 2.052 9.909 2.585 9.891 2.585 9.891 2.604 5.851 6.838 6.575 7.528 9.896 4.047 9.95 18.63 10.95 18.626 10.896 4.048 14.095 7.522 14.831 6.844\"><\/polygon><rect width=\"20.6822\" height=\"20.6822\" style=\"fill:none\"><\/rect><\/svg><\/span>\n\t\t\t\t\t\t\t\t\t\t\t\t\t<\/span>\n\t\t\t\t\t\t\t\t\t\t\t\t<a class=\"elementor-toggle-title\" tabindex=\"0\">\u00bfCu\u00e1nto tiempo se tarda en tramitar los permisos de aeronavegabilidad?<\/a>\n\t\t\t\t\t<\/div>\n\n\t\t\t\t\t<div id=\"elementor-tab-content-2048\" class=\"elementor-tab-content elementor-clearfix\" data-tab=\"8\" role=\"region\" aria-labelledby=\"elementor-tab-title-2048\"><p>Los plazos de tramitaci\u00f3n pueden variar, pero suelen ser de varias semanas. Nuestro equipo trabaja diligentemente para agilizar el proceso y mantenerte informado en todo momento. <\/p>\n<\/div>\n\t\t\t\t<\/div>\n\t\t\t\t\t\t\t<div class=\"elementor-toggle-item\">\n\t\t\t\t\t<div id=\"elementor-tab-title-2049\" class=\"elementor-tab-title\" data-tab=\"9\" role=\"button\" aria-controls=\"elementor-tab-content-2049\" aria-expanded=\"false\">\n\t\t\t\t\t\t\t\t\t\t\t\t<span class=\"elementor-toggle-icon elementor-toggle-icon-right\" aria-hidden=\"true\">\n\t\t\t\t\t\t\t\t\t\t\t\t\t\t\t<span class=\"elementor-toggle-icon-closed\"><svg xmlns=\"http:\/\/www.w3.org\/2000\/svg\" id=\"ab1177c9-fb20-4263-9ebc-6f3bd964df82\" data-name=\"afba7dac-e774-4062-b1f6-f0f6702c3dce\" viewBox=\"0 0 20.6822 20.6822\"><polygon points=\"5.851 13.838 10.265 18.63 10.773 18.097 10.791 18.097 10.791 18.078 14.831 13.844 14.107 13.154 10.786 16.635 10.732 2.052 9.732 2.056 9.786 16.634 6.587 13.16 5.851 13.838\"><\/polygon><rect width=\"20.6822\" height=\"20.6822\" style=\"fill:none\"><\/rect><\/svg><\/span>\n\t\t\t\t\t\t\t\t<span class=\"elementor-toggle-icon-opened\"><svg xmlns=\"http:\/\/www.w3.org\/2000\/svg\" id=\"bd15c69f-782a-4e52-b822-774624a64299\" data-name=\"afba7dac-e774-4062-b1f6-f0f6702c3dce\" viewBox=\"0 0 20.6822 20.6822\"><polygon points=\"14.831 6.844 10.417 2.052 9.909 2.585 9.891 2.585 9.891 2.604 5.851 6.838 6.575 7.528 9.896 4.047 9.95 18.63 10.95 18.626 10.896 4.048 14.095 7.522 14.831 6.844\"><\/polygon><rect width=\"20.6822\" height=\"20.6822\" style=\"fill:none\"><\/rect><\/svg><\/span>\n\t\t\t\t\t\t\t\t\t\t\t\t\t<\/span>\n\t\t\t\t\t\t\t\t\t\t\t\t<a class=\"elementor-toggle-title\" tabindex=\"0\">\u00bfPuedes facilitar un presupuesto para los servicios de gesti\u00f3n de matriculaci\u00f3n de aeronaves?<\/a>\n\t\t\t\t\t<\/div>\n\n\t\t\t\t\t<div id=\"elementor-tab-content-2049\" class=\"elementor-tab-content elementor-clearfix\" data-tab=\"9\" role=\"region\" aria-labelledby=\"elementor-tab-title-2049\"><p>Por supuesto. Para proporcionarte un presupuesto exacto, necesitaremos algunos detalles sobre tu avi\u00f3n y el servicio espec\u00edfico requerido. Puedes ponerte en contacto con nosotros por correo  <\/p>\n<\/div>\n\t\t\t\t<\/div>\n\t\t\t\t\t\t\t<div class=\"elementor-toggle-item\">\n\t\t\t\t\t<div id=\"elementor-tab-title-20410\" class=\"elementor-tab-title\" data-tab=\"10\" role=\"button\" aria-controls=\"elementor-tab-content-20410\" aria-expanded=\"false\">\n\t\t\t\t\t\t\t\t\t\t\t\t<span class=\"elementor-toggle-icon elementor-toggle-icon-right\" aria-hidden=\"true\">\n\t\t\t\t\t\t\t\t\t\t\t\t\t\t\t<span class=\"elementor-toggle-icon-closed\"><svg xmlns=\"http:\/\/www.w3.org\/2000\/svg\" id=\"ab1177c9-fb20-4263-9ebc-6f3bd964df82\" data-name=\"afba7dac-e774-4062-b1f6-f0f6702c3dce\" viewBox=\"0 0 20.6822 20.6822\"><polygon points=\"5.851 13.838 10.265 18.63 10.773 18.097 10.791 18.097 10.791 18.078 14.831 13.844 14.107 13.154 10.786 16.635 10.732 2.052 9.732 2.056 9.786 16.634 6.587 13.16 5.851 13.838\"><\/polygon><rect width=\"20.6822\" height=\"20.6822\" style=\"fill:none\"><\/rect><\/svg><\/span>\n\t\t\t\t\t\t\t\t<span class=\"elementor-toggle-icon-opened\"><svg xmlns=\"http:\/\/www.w3.org\/2000\/svg\" id=\"bd15c69f-782a-4e52-b822-774624a64299\" data-name=\"afba7dac-e774-4062-b1f6-f0f6702c3dce\" viewBox=\"0 0 20.6822 20.6822\"><polygon points=\"14.831 6.844 10.417 2.052 9.909 2.585 9.891 2.585 9.891 2.604 5.851 6.838 6.575 7.528 9.896 4.047 9.95 18.63 10.95 18.626 10.896 4.048 14.095 7.522 14.831 6.844\"><\/polygon><rect width=\"20.6822\" height=\"20.6822\" style=\"fill:none\"><\/rect><\/svg><\/span>\n\t\t\t\t\t\t\t\t\t\t\t\t\t<\/span>\n\t\t\t\t\t\t\t\t\t\t\t\t<a class=\"elementor-toggle-title\" tabindex=\"0\">\u00bfC\u00f3mo puedo ponerme en contacto contigo para una consulta personalizada?<\/a>\n\t\t\t\t\t<\/div>\n\n\t\t\t\t\t<div id=\"elementor-tab-content-20410\" class=\"elementor-tab-content elementor-clearfix\" data-tab=\"10\" role=\"region\" aria-labelledby=\"elementor-tab-title-20410\"><p>Puedes ponerte en contacto con nosotros a trav\u00e9s del formulario de nuestro sitio web, por tel\u00e9fono o concertando una cita para una consulta individual con un miembro de nuestro equipo de expertos.<\/p>\n<\/div>\n\t\t\t\t<\/div>\n\t\t\t\t\t\t\t\t<\/div>\n\t\t\t\t\t\t<\/div>\n\t\t\t\t<\/div>\n\t\t\t\t\t<\/div>\n\t\t\t\t<\/div>\n\t\t\t\t<\/div>\n\t\t","protected":false},"excerpt":{"rendered":"<p>PREGUNTAS FRECUENTES soluciones de movilidad a\u00e9rea \u00bfQu\u00e9 servicios jur\u00eddicos ofrec\u00e9is en el sector de la aviaci\u00f3n? Proporcionamos asesoramiento jur\u00eddico para la compraventa de aeronaves, gesti\u00f3n de registros, incorporaci\u00f3n a permisos de aeronavegabilidad, servicios de mantenimiento certificado y estrategia y planificaci\u00f3n fiscal espec\u00edficamente adaptadas a la propiedad de aeronaves. \u00bfC\u00f3mo puedo comprar o vender legalmente una [&hellip;]<\/p>\n","protected":false},"author":2,"featured_media":1096,"parent":0,"menu_order":0,"comment_status":"closed","ping_status":"closed","template":"elementor_header_footer","meta":{"footnotes":""},"class_list":["post-1248","page","type-page","status-publish","has-post-thumbnail","hentry"],"_links":{"self":[{"href":"https:\/\/aviance.mx\/es\/wp-json\/wp\/v2\/pages\/1248","targetHints":{"allow":["GET"]}}],"collection":[{"href":"https:\/\/aviance.mx\/es\/wp-json\/wp\/v2\/pages"}],"about":[{"href":"https:\/\/aviance.mx\/es\/wp-json\/wp\/v2\/types\/page"}],"author":[{"embeddable":true,"href":"https:\/\/aviance.mx\/es\/wp-json\/wp\/v2\/users\/2"}],"replies":[{"embeddable":true,"href":"https:\/\/aviance.mx\/es\/wp-json\/wp\/v2\/comments?post=1248"}],"version-history":[{"count":1,"href":"https:\/\/aviance.mx\/es\/wp-json\/wp\/v2\/pages\/1248\/revisions"}],"predecessor-version":[{"id":1251,"href":"https:\/\/aviance.mx\/es\/wp-json\/wp\/v2\/pages\/1248\/revisions\/1251"}],"wp:featuredmedia":[{"embeddable":true,"href":"https:\/\/aviance.mx\/es\/wp-json\/wp\/v2\/media\/1096"}],"wp:attachment":[{"href":"https:\/\/aviance.mx\/es\/wp-json\/wp\/v2\/media?parent=1248"}],"curies":[{"name":"wp","href":"https:\/\/api.w.org\/{rel}","templated":true}]}}