{"id":1242,"date":"2025-07-15T17:38:52","date_gmt":"2025-07-15T17:38:52","guid":{"rendered":"https:\/\/aviance.mx\/mantenimiento-de-aeronaves\/"},"modified":"2025-07-17T22:59:01","modified_gmt":"2025-07-17T22:59:01","slug":"mantenimiento-de-aeronaves","status":"publish","type":"page","link":"https:\/\/aviance.mx\/es\/mantenimiento-de-aeronaves\/","title":{"rendered":"MANTENIMIENTO"},"content":{"rendered":"\t\t<div data-elementor-type=\"wp-page\" data-elementor-id=\"1242\" class=\"elementor elementor-1242 elementor-1009\" data-elementor-post-type=\"page\">\n\t\t\t\t<div class=\"elementor-element elementor-element-5af53ab e-con-full e-flex e-con e-parent\" data-id=\"5af53ab\" data-element_type=\"container\" data-e-type=\"container\">\n\t\t<div class=\"elementor-element elementor-element-71a2ece e-con-full e-flex e-con e-child\" data-id=\"71a2ece\" data-element_type=\"container\" data-e-type=\"container\" data-settings=\"{&quot;background_background&quot;:&quot;classic&quot;}\">\n\t\t\t\t<div class=\"elementor-element elementor-element-b8f5772 animated-slow elementor-cta--skin-classic elementor-animated-content elementor-bg-transform elementor-bg-transform-zoom-in elementor-invisible elementor-widget elementor-widget-call-to-action\" data-id=\"b8f5772\" data-element_type=\"widget\" data-e-type=\"widget\" data-settings=\"{&quot;_animation&quot;:&quot;slideInUp&quot;}\" data-widget_type=\"call-to-action.default\">\n\t\t\t\t<div class=\"elementor-widget-container\">\n\t\t\t\t\t\t\t<div class=\"elementor-cta\">\n\t\t\t\t\t\t\t<div class=\"elementor-cta__content\">\n\t\t\t\t\n\t\t\t\t\t\t\t\t\t<h3 class=\"elementor-cta__title elementor-cta__content-item elementor-content-item\">\n\t\t\t\t\t\tServicios de mantenimiento de helic\u00f3pteros - <br>Clase 1 y 2 en M\u00e9xico\t\t\t\t\t<\/h3>\n\t\t\t\t\n\t\t\t\t\t\t\t\t\t<h1 class=\"elementor-cta__description elementor-cta__content-item elementor-content-item\">\n\t\t\t\t\t\tMANTENIMIENTO DE AERONAVES EN M\u00c9XICO  \n\t\t\t\t\t<\/h1>\n\t\t\t\t\n\t\t\t\t\t\t\t<\/div>\n\t\t\t\t\t\t<\/div>\n\t\t\t\t\t\t<\/div>\n\t\t\t\t<\/div>\n\t\t\t\t<\/div>\n\t\t\t\t<\/div>\n\t\t<div class=\"elementor-element elementor-element-625c29e e-grid e-con-boxed e-con e-parent\" data-id=\"625c29e\" data-element_type=\"container\" data-e-type=\"container\" data-settings=\"{&quot;background_background&quot;:&quot;classic&quot;}\">\n\t\t\t\t\t<div class=\"e-con-inner\">\n\t\t\t\t<div class=\"elementor-element elementor-element-49010b0 elementor-widget elementor-widget-cz_image\" data-id=\"49010b0\" data-element_type=\"widget\" data-e-type=\"widget\" data-widget_type=\"cz_image.default\">\n\t\t\t\t<div class=\"elementor-widget-container\">\n\t\t\t\t\t\r\n\t\t<div class=\"cz_image clr cz_image_no_fx center_on_mobile\" data-position=\"\">\r\n\r\n\t\t\t<div>\r\n\r\n\t\t\t\t<div class=\"cz_image_in\">\r\n\r\n\t\t\t\t\t<div class=\"cz_main_image\"><img fetchpriority=\"high\" decoding=\"async\" width=\"540\" height=\"540\" src=\"https:\/\/aviance.mx\/wp-content\/uploads\/2025\/07\/1-1.png\" class=\"attachment-full size-full wp-image-990\" alt=\"\" srcset=\"https:\/\/aviance.mx\/wp-content\/uploads\/2025\/07\/1-1.png 540w, https:\/\/aviance.mx\/wp-content\/uploads\/2025\/07\/1-1-300x300.png 300w, https:\/\/aviance.mx\/wp-content\/uploads\/2025\/07\/1-1-150x150.png 150w\" sizes=\"(max-width: 540px) 100vw, 540px\" \/><\/div>\r\n\r\n\t\t\t\t\t<div class=\"cz_hover_image\"><img fetchpriority=\"high\" decoding=\"async\" width=\"540\" height=\"540\" src=\"https:\/\/aviance.mx\/wp-content\/uploads\/2025\/07\/1-1.png\" class=\"attachment-full size-full wp-image-990\" alt=\"\" srcset=\"https:\/\/aviance.mx\/wp-content\/uploads\/2025\/07\/1-1.png 540w, https:\/\/aviance.mx\/wp-content\/uploads\/2025\/07\/1-1-300x300.png 300w, https:\/\/aviance.mx\/wp-content\/uploads\/2025\/07\/1-1-150x150.png 150w\" sizes=\"(max-width: 540px) 100vw, 540px\" \/><\/div>\r\n\t\t\t\t<\/div>\r\n\r\n\t\t\t\t\r\n\t\t\t<\/div>\r\n\r\n\t\t<\/div>\r\n\r\n\t\t\t\t\t<\/div>\n\t\t\t\t<\/div>\n\t\t\t\t<div class=\"elementor-element elementor-element-a1f0bf1 elementor-widget elementor-widget-cz_image\" data-id=\"a1f0bf1\" data-element_type=\"widget\" data-e-type=\"widget\" data-widget_type=\"cz_image.default\">\n\t\t\t\t<div class=\"elementor-widget-container\">\n\t\t\t\t\t\r\n\t\t<div class=\"cz_image clr cz_image_no_fx center_on_mobile\" data-position=\"\">\r\n\r\n\t\t\t<div>\r\n\r\n\t\t\t\t<div class=\"cz_image_in\">\r\n\r\n\t\t\t\t\t<div class=\"cz_main_image\"><img decoding=\"async\" width=\"540\" height=\"540\" src=\"https:\/\/aviance.mx\/wp-content\/uploads\/2025\/07\/2-1.png\" class=\"attachment-full size-full wp-image-991\" alt=\"\" srcset=\"https:\/\/aviance.mx\/wp-content\/uploads\/2025\/07\/2-1.png 540w, https:\/\/aviance.mx\/wp-content\/uploads\/2025\/07\/2-1-300x300.png 300w, https:\/\/aviance.mx\/wp-content\/uploads\/2025\/07\/2-1-150x150.png 150w\" sizes=\"(max-width: 540px) 100vw, 540px\" \/><\/div>\r\n\r\n\t\t\t\t\t<div class=\"cz_hover_image\"><img decoding=\"async\" width=\"540\" height=\"540\" src=\"https:\/\/aviance.mx\/wp-content\/uploads\/2025\/07\/2-1.png\" class=\"attachment-full size-full wp-image-991\" alt=\"\" srcset=\"https:\/\/aviance.mx\/wp-content\/uploads\/2025\/07\/2-1.png 540w, https:\/\/aviance.mx\/wp-content\/uploads\/2025\/07\/2-1-300x300.png 300w, https:\/\/aviance.mx\/wp-content\/uploads\/2025\/07\/2-1-150x150.png 150w\" sizes=\"(max-width: 540px) 100vw, 540px\" \/><\/div>\r\n\t\t\t\t<\/div>\r\n\r\n\t\t\t\t\r\n\t\t\t<\/div>\r\n\r\n\t\t<\/div>\r\n\r\n\t\t\t\t\t<\/div>\n\t\t\t\t<\/div>\n\t\t\t\t<div class=\"elementor-element elementor-element-376423b elementor-widget elementor-widget-cz_image\" data-id=\"376423b\" data-element_type=\"widget\" data-e-type=\"widget\" data-widget_type=\"cz_image.default\">\n\t\t\t\t<div class=\"elementor-widget-container\">\n\t\t\t\t\t\r\n\t\t<div class=\"cz_image clr cz_image_no_fx center_on_mobile\" data-position=\"\">\r\n\r\n\t\t\t<div>\r\n\r\n\t\t\t\t<div class=\"cz_image_in\">\r\n\r\n\t\t\t\t\t<div class=\"cz_main_image\"><img decoding=\"async\" width=\"540\" height=\"540\" src=\"https:\/\/aviance.mx\/wp-content\/uploads\/2025\/07\/3-1.png\" class=\"attachment-full size-full wp-image-992\" alt=\"\" srcset=\"https:\/\/aviance.mx\/wp-content\/uploads\/2025\/07\/3-1.png 540w, https:\/\/aviance.mx\/wp-content\/uploads\/2025\/07\/3-1-300x300.png 300w, https:\/\/aviance.mx\/wp-content\/uploads\/2025\/07\/3-1-150x150.png 150w\" sizes=\"(max-width: 540px) 100vw, 540px\" \/><\/div>\r\n\r\n\t\t\t\t\t<div class=\"cz_hover_image\"><img decoding=\"async\" width=\"540\" height=\"540\" src=\"https:\/\/aviance.mx\/wp-content\/uploads\/2025\/07\/3-1.png\" class=\"attachment-full size-full wp-image-992\" alt=\"\" srcset=\"https:\/\/aviance.mx\/wp-content\/uploads\/2025\/07\/3-1.png 540w, https:\/\/aviance.mx\/wp-content\/uploads\/2025\/07\/3-1-300x300.png 300w, https:\/\/aviance.mx\/wp-content\/uploads\/2025\/07\/3-1-150x150.png 150w\" sizes=\"(max-width: 540px) 100vw, 540px\" \/><\/div>\r\n\t\t\t\t<\/div>\r\n\r\n\t\t\t\t\r\n\t\t\t<\/div>\r\n\r\n\t\t<\/div>\r\n\r\n\t\t\t\t\t<\/div>\n\t\t\t\t<\/div>\n\t\t\t\t\t<\/div>\n\t\t\t\t<\/div>\n\t\t<div class=\"elementor-element elementor-element-7c3de7a0 e-flex e-con-boxed e-con e-parent\" data-id=\"7c3de7a0\" data-element_type=\"container\" data-e-type=\"container\" data-settings=\"{&quot;background_background&quot;:&quot;classic&quot;}\">\n\t\t\t\t\t<div class=\"e-con-inner\">\n\t\t<div class=\"elementor-element elementor-element-25715ac0 e-con-full e-flex e-con e-child\" data-id=\"25715ac0\" data-element_type=\"container\" data-e-type=\"container\" data-settings=\"{&quot;background_background&quot;:&quot;classic&quot;}\">\n\t\t<div class=\"elementor-element elementor-element-28426449 animated-slow e-flex e-con-boxed elementor-invisible e-con e-child\" data-id=\"28426449\" data-element_type=\"container\" data-e-type=\"container\" data-settings=\"{&quot;background_background&quot;:&quot;classic&quot;,&quot;animation&quot;:&quot;slideInUp&quot;}\">\n\t\t\t\t\t<div class=\"e-con-inner\">\n\t\t\t\t<div class=\"elementor-element elementor-element-27000d2 elementor-widget elementor-widget-heading\" data-id=\"27000d2\" data-element_type=\"widget\" data-e-type=\"widget\" data-widget_type=\"heading.default\">\n\t\t\t\t<div class=\"elementor-widget-container\">\n\t\t\t\t\t<h3 class=\"elementor-heading-title elementor-size-default\">MANTENIMIENTO de helic\u00f3pteros<\/h3>\t\t\t\t<\/div>\n\t\t\t\t<\/div>\n\t\t\t\t<div class=\"elementor-element elementor-element-35156e7 elementor-widget elementor-widget-heading\" data-id=\"35156e7\" data-element_type=\"widget\" data-e-type=\"widget\" data-widget_type=\"heading.default\">\n\t\t\t\t<div class=\"elementor-widget-container\">\n\t\t\t\t\t<h4 class=\"elementor-heading-title elementor-size-default\">Taller Aeron\u00e1utico AFAC 532<\/h4>\t\t\t\t<\/div>\n\t\t\t\t<\/div>\n\t\t\t\t<div class=\"elementor-element elementor-element-4cddd75 elementor-widget__width-initial elementor-widget elementor-widget-text-editor\" data-id=\"4cddd75\" data-element_type=\"widget\" data-e-type=\"widget\" data-widget_type=\"text-editor.default\">\n\t\t\t\t<div class=\"elementor-widget-container\">\n\t\t\t\t\t\t\t\t\t<p>Estamos especializados en servicios integrales de mantenimiento de <strong data-start=\"319\" data-end=\"354\">helic\u00f3pteros de Clase 1 y Clase 2<\/strong>, garantizando la seguridad operativa, la fiabilidad mec\u00e1nica y el estricto cumplimiento de las normas nacionales de aviaci\u00f3n.<\/p>\t\t\t\t\t\t\t\t<\/div>\n\t\t\t\t<\/div>\n\t\t\t\t<div class=\"elementor-element elementor-element-c4d3460 elementor-cta--skin-cover elementor-widget elementor-widget-call-to-action\" data-id=\"c4d3460\" data-element_type=\"widget\" data-e-type=\"widget\" data-widget_type=\"call-to-action.default\">\n\t\t\t\t<div class=\"elementor-widget-container\">\n\t\t\t\t\t\t\t<div class=\"elementor-cta\">\n\t\t\t\t\t<div class=\"elementor-cta__bg-wrapper\">\n\t\t\t\t<div class=\"elementor-cta__bg elementor-bg\" style=\"background-image: url();\" role=\"img\" aria-label=\"\"><\/div>\n\t\t\t\t<div class=\"elementor-cta__bg-overlay\"><\/div>\n\t\t\t<\/div>\n\t\t\t\t\t\t\t<div class=\"elementor-cta__content\">\n\t\t\t\t\n\t\t\t\t\n\t\t\t\t\n\t\t\t\t\t\t\t\t\t<div class=\"elementor-cta__button-wrapper elementor-cta__content-item elementor-content-item \">\n\t\t\t\t\t<a class=\"elementor-cta__button elementor-button elementor-size-\" href=\"https:\/\/aviance.mx\/contact-2\/\">\n\t\t\t\t\t\tgET A QUOTE \u27f6\t\t\t\t\t<\/a>\n\t\t\t\t\t<\/div>\n\t\t\t\t\t\t\t<\/div>\n\t\t\t\t\t\t<\/div>\n\t\t\t\t\t\t<\/div>\n\t\t\t\t<\/div>\n\t\t\t\t\t<\/div>\n\t\t\t\t<\/div>\n\t\t\t\t<\/div>\n\t\t\t\t\t<\/div>\n\t\t\t\t<\/div>\n\t\t<div class=\"elementor-element elementor-element-8777575 animated-slow e-flex e-con-boxed elementor-invisible e-con e-parent\" data-id=\"8777575\" data-element_type=\"container\" data-e-type=\"container\" data-settings=\"{&quot;background_background&quot;:&quot;classic&quot;,&quot;animation&quot;:&quot;slideInUp&quot;}\">\n\t\t\t\t\t<div class=\"e-con-inner\">\n\t\t\t\t<div class=\"elementor-element elementor-element-b056a57 elementor-widget elementor-widget-heading\" data-id=\"b056a57\" data-element_type=\"widget\" data-e-type=\"widget\" data-widget_type=\"heading.default\">\n\t\t\t\t<div class=\"elementor-widget-container\">\n\t\t\t\t\t<h3 class=\"elementor-heading-title elementor-size-default\">t\u00e9cnicos certificados<\/h3>\t\t\t\t<\/div>\n\t\t\t\t<\/div>\n\t\t\t\t<div class=\"elementor-element elementor-element-92ea7bd elementor-widget elementor-widget-heading\" data-id=\"92ea7bd\" data-element_type=\"widget\" data-e-type=\"widget\" data-widget_type=\"heading.default\">\n\t\t\t\t<div class=\"elementor-widget-container\">\n\t\t\t\t\t<h3 class=\"elementor-heading-title elementor-size-default\">soluciones de movilidad a\u00e9rea<\/h3>\t\t\t\t<\/div>\n\t\t\t\t<\/div>\n\t\t\t\t<div class=\"elementor-element elementor-element-ad0cd59 elementor-widget__width-initial elementor-widget elementor-widget-text-editor\" data-id=\"ad0cd59\" data-element_type=\"widget\" data-e-type=\"widget\" data-widget_type=\"text-editor.default\">\n\t\t\t\t<div class=\"elementor-widget-container\">\n\t\t\t\t\t\t\t\t\t<p data-start=\"703\" data-end=\"929\">Tambi\u00e9n ofrecemos mantenimiento especializado para motores de turbina de Clase 3, con especial atenci\u00f3n a la serie Allison 250, proporcionando un cuidado meticuloso, diagn\u00f3sticos y procedimientos preventivos para mantener tu avi\u00f3n al m\u00e1ximo rendimiento.<\/p><p data-start=\"931\" data-end=\"1207\">Como instalaci\u00f3n autorizada por la Autoridad de Aviaci\u00f3n Civil Mexicana<strong data-start=\"1001\" data-end=\"1009\">(AFAC<\/strong>), nuestro <strong data-start=\"1016\" data-end=\"1047\">Taller Aeron\u00e1utico AFAC 532<\/strong> opera bajo los m\u00e1s altos est\u00e1ndares t\u00e9cnicos y normativos, ofreciendo atenci\u00f3n personalizada y servicio rastreable tanto para flotas privadas como institucionales.<\/p><p data-start=\"1209\" data-end=\"1379\">Ya sea para transporte de ejecutivos, seguridad p\u00fablica o misiones corporativas, nos aseguramos de que tu avi\u00f3n est\u00e9 listo para cada operaci\u00f3n: de forma segura, eficaz y sin compromisos.<\/p><p data-start=\"466\" data-end=\"556\">Nuestros t\u00e9cnicos certificados est\u00e1n altamente capacitados para realizar el mantenimiento de una amplia gama de modelos, incluidos:<\/p><p data-start=\"560\" data-end=\"581\"><strong data-start=\"560\" data-end=\"579\">Campana serie 206<\/strong><\/p><p data-start=\"584\" data-end=\"611\"><strong data-start=\"584\" data-end=\"609\">Bell 505 Jet Ranger X<\/strong><\/p><p data-start=\"614\" data-end=\"628\"><strong data-start=\"614\" data-end=\"626\">Campana 407<\/strong><\/p><p data-start=\"631\" data-end=\"645\"><strong data-start=\"631\" data-end=\"643\">Campana 412<\/strong><\/p><p data-start=\"648\" data-end=\"662\"><strong data-start=\"648\" data-end=\"660\">Campana 429<\/strong><\/p><p data-start=\"665\" data-end=\"701\"><strong data-start=\"665\" data-end=\"699\">Airbus AS350 (Serie \u00c9cureuil)<\/strong><\/p>\t\t\t\t\t\t\t\t<\/div>\n\t\t\t\t<\/div>\n\t\t\t\t\t<\/div>\n\t\t\t\t<\/div>\n\t\t<div class=\"elementor-element elementor-element-aabc281 e-grid e-con-full codevz-con-stretch-yes elementor-hidden-mobile animated-slow elementor-invisible e-con e-parent\" data-id=\"aabc281\" data-element_type=\"container\" data-e-type=\"container\" data-settings=\"{&quot;animation&quot;:&quot;slideInUp&quot;}\">\n\t\t\t\t<div class=\"elementor-element elementor-element-c47b9fb elementor-widget elementor-widget-cz_image\" data-id=\"c47b9fb\" data-element_type=\"widget\" data-e-type=\"widget\" data-widget_type=\"cz_image.default\">\n\t\t\t\t<div class=\"elementor-widget-container\">\n\t\t\t\t\t\r\n\t\t<div class=\"cz_image clr cz_image_no_fx center_on_mobile\" data-position=\"\">\r\n\r\n\t\t\t<div>\r\n\r\n\t\t\t\t<div class=\"cz_image_in\">\r\n\r\n\t\t\t\t\t<div class=\"cz_main_image\"><img loading=\"lazy\" decoding=\"async\" width=\"1801\" height=\"1201\" src=\"https:\/\/aviance.mx\/wp-content\/uploads\/2025\/06\/rent-a-helicopter-in-puerto-vallarta-.webp\" class=\"attachment-full size-full wp-image-462\" alt=\"\" srcset=\"https:\/\/aviance.mx\/wp-content\/uploads\/2025\/06\/rent-a-helicopter-in-puerto-vallarta-.webp 1801w, https:\/\/aviance.mx\/wp-content\/uploads\/2025\/06\/rent-a-helicopter-in-puerto-vallarta--300x200.webp 300w, https:\/\/aviance.mx\/wp-content\/uploads\/2025\/06\/rent-a-helicopter-in-puerto-vallarta--1024x683.webp 1024w, https:\/\/aviance.mx\/wp-content\/uploads\/2025\/06\/rent-a-helicopter-in-puerto-vallarta--768x512.webp 768w, https:\/\/aviance.mx\/wp-content\/uploads\/2025\/06\/rent-a-helicopter-in-puerto-vallarta--1536x1024.webp 1536w, https:\/\/aviance.mx\/wp-content\/uploads\/2025\/06\/rent-a-helicopter-in-puerto-vallarta--600x400.webp 600w\" sizes=\"(max-width: 1801px) 100vw, 1801px\" \/><\/div>\r\n\r\n\t\t\t\t\t<div class=\"cz_hover_image\"><img loading=\"lazy\" decoding=\"async\" width=\"1801\" height=\"1201\" src=\"https:\/\/aviance.mx\/wp-content\/uploads\/2025\/06\/rent-a-helicopter-in-puerto-vallarta-.webp\" class=\"attachment-full size-full wp-image-462\" alt=\"\" srcset=\"https:\/\/aviance.mx\/wp-content\/uploads\/2025\/06\/rent-a-helicopter-in-puerto-vallarta-.webp 1801w, https:\/\/aviance.mx\/wp-content\/uploads\/2025\/06\/rent-a-helicopter-in-puerto-vallarta--300x200.webp 300w, https:\/\/aviance.mx\/wp-content\/uploads\/2025\/06\/rent-a-helicopter-in-puerto-vallarta--1024x683.webp 1024w, https:\/\/aviance.mx\/wp-content\/uploads\/2025\/06\/rent-a-helicopter-in-puerto-vallarta--768x512.webp 768w, https:\/\/aviance.mx\/wp-content\/uploads\/2025\/06\/rent-a-helicopter-in-puerto-vallarta--1536x1024.webp 1536w, https:\/\/aviance.mx\/wp-content\/uploads\/2025\/06\/rent-a-helicopter-in-puerto-vallarta--600x400.webp 600w\" sizes=\"(max-width: 1801px) 100vw, 1801px\" \/><\/div>\r\n\t\t\t\t<\/div>\r\n\r\n\t\t\t\t\r\n\t\t\t<\/div>\r\n\r\n\t\t<\/div>\r\n\r\n\t\t\t\t\t<\/div>\n\t\t\t\t<\/div>\n\t\t\t\t<div class=\"elementor-element elementor-element-56ab441 elementor-widget elementor-widget-cz_image\" data-id=\"56ab441\" data-element_type=\"widget\" data-e-type=\"widget\" data-widget_type=\"cz_image.default\">\n\t\t\t\t<div class=\"elementor-widget-container\">\n\t\t\t\t\t\r\n\t\t<div class=\"cz_image clr cz_image_no_fx\" data-position=\"\">\r\n\r\n\t\t\t<div>\r\n\r\n\t\t\t\t<div class=\"cz_image_in\">\r\n\r\n\t\t\t\t\t<div class=\"cz_main_image\"><img loading=\"lazy\" decoding=\"async\" width=\"2000\" height=\"1333\" src=\"https:\/\/aviance.mx\/wp-content\/uploads\/2025\/07\/portrait-helicopter-pilot-standing-near-vehicle-field-airport.jpg\" class=\"attachment-full size-full wp-image-1005\" alt=\"\" srcset=\"https:\/\/aviance.mx\/wp-content\/uploads\/2025\/07\/portrait-helicopter-pilot-standing-near-vehicle-field-airport.jpg 2000w, https:\/\/aviance.mx\/wp-content\/uploads\/2025\/07\/portrait-helicopter-pilot-standing-near-vehicle-field-airport-300x200.jpg 300w, https:\/\/aviance.mx\/wp-content\/uploads\/2025\/07\/portrait-helicopter-pilot-standing-near-vehicle-field-airport-1024x682.jpg 1024w, https:\/\/aviance.mx\/wp-content\/uploads\/2025\/07\/portrait-helicopter-pilot-standing-near-vehicle-field-airport-768x512.jpg 768w, https:\/\/aviance.mx\/wp-content\/uploads\/2025\/07\/portrait-helicopter-pilot-standing-near-vehicle-field-airport-1536x1024.jpg 1536w\" sizes=\"(max-width: 2000px) 100vw, 2000px\" \/><\/div>\r\n\r\n\t\t\t\t\t<div class=\"cz_hover_image\"><img loading=\"lazy\" decoding=\"async\" width=\"2000\" height=\"1333\" src=\"https:\/\/aviance.mx\/wp-content\/uploads\/2025\/07\/portrait-helicopter-pilot-standing-near-vehicle-field-airport.jpg\" class=\"attachment-full size-full wp-image-1005\" alt=\"\" srcset=\"https:\/\/aviance.mx\/wp-content\/uploads\/2025\/07\/portrait-helicopter-pilot-standing-near-vehicle-field-airport.jpg 2000w, https:\/\/aviance.mx\/wp-content\/uploads\/2025\/07\/portrait-helicopter-pilot-standing-near-vehicle-field-airport-300x200.jpg 300w, https:\/\/aviance.mx\/wp-content\/uploads\/2025\/07\/portrait-helicopter-pilot-standing-near-vehicle-field-airport-1024x682.jpg 1024w, https:\/\/aviance.mx\/wp-content\/uploads\/2025\/07\/portrait-helicopter-pilot-standing-near-vehicle-field-airport-768x512.jpg 768w, https:\/\/aviance.mx\/wp-content\/uploads\/2025\/07\/portrait-helicopter-pilot-standing-near-vehicle-field-airport-1536x1024.jpg 1536w\" sizes=\"(max-width: 2000px) 100vw, 2000px\" \/><\/div>\r\n\t\t\t\t<\/div>\r\n\r\n\t\t\t\t\r\n\t\t\t<\/div>\r\n\r\n\t\t<\/div>\r\n\r\n\t\t\t\t\t<\/div>\n\t\t\t\t<\/div>\n\t\t\t\t<div class=\"elementor-element elementor-element-4618b4d elementor-widget elementor-widget-cz_image\" data-id=\"4618b4d\" data-element_type=\"widget\" data-e-type=\"widget\" data-widget_type=\"cz_image.default\">\n\t\t\t\t<div class=\"elementor-widget-container\">\n\t\t\t\t\t\r\n\t\t<div class=\"cz_image clr cz_image_no_fx xtra-image-full-width\" data-position=\"\">\r\n\r\n\t\t\t<div>\r\n\r\n\t\t\t\t<div class=\"cz_image_in\">\r\n\r\n\t\t\t\t\t<div class=\"cz_main_image\"><img loading=\"lazy\" decoding=\"async\" width=\"2000\" height=\"1333\" src=\"https:\/\/aviance.mx\/wp-content\/uploads\/2025\/07\/asian-man-aero-engineer-working-helicopter-hangar-looking-digital-tablet.jpg\" class=\"attachment-full size-full wp-image-1002\" alt=\"\" srcset=\"https:\/\/aviance.mx\/wp-content\/uploads\/2025\/07\/asian-man-aero-engineer-working-helicopter-hangar-looking-digital-tablet.jpg 2000w, https:\/\/aviance.mx\/wp-content\/uploads\/2025\/07\/asian-man-aero-engineer-working-helicopter-hangar-looking-digital-tablet-300x200.jpg 300w, https:\/\/aviance.mx\/wp-content\/uploads\/2025\/07\/asian-man-aero-engineer-working-helicopter-hangar-looking-digital-tablet-1024x682.jpg 1024w, https:\/\/aviance.mx\/wp-content\/uploads\/2025\/07\/asian-man-aero-engineer-working-helicopter-hangar-looking-digital-tablet-768x512.jpg 768w, https:\/\/aviance.mx\/wp-content\/uploads\/2025\/07\/asian-man-aero-engineer-working-helicopter-hangar-looking-digital-tablet-1536x1024.jpg 1536w\" sizes=\"(max-width: 2000px) 100vw, 2000px\" \/><\/div>\r\n\r\n\t\t\t\t\t<div class=\"cz_hover_image\"><img loading=\"lazy\" decoding=\"async\" width=\"2000\" height=\"1333\" src=\"https:\/\/aviance.mx\/wp-content\/uploads\/2025\/07\/asian-man-aero-engineer-working-helicopter-hangar-looking-digital-tablet.jpg\" class=\"attachment-full size-full wp-image-1002\" alt=\"\" srcset=\"https:\/\/aviance.mx\/wp-content\/uploads\/2025\/07\/asian-man-aero-engineer-working-helicopter-hangar-looking-digital-tablet.jpg 2000w, https:\/\/aviance.mx\/wp-content\/uploads\/2025\/07\/asian-man-aero-engineer-working-helicopter-hangar-looking-digital-tablet-300x200.jpg 300w, https:\/\/aviance.mx\/wp-content\/uploads\/2025\/07\/asian-man-aero-engineer-working-helicopter-hangar-looking-digital-tablet-1024x682.jpg 1024w, https:\/\/aviance.mx\/wp-content\/uploads\/2025\/07\/asian-man-aero-engineer-working-helicopter-hangar-looking-digital-tablet-768x512.jpg 768w, https:\/\/aviance.mx\/wp-content\/uploads\/2025\/07\/asian-man-aero-engineer-working-helicopter-hangar-looking-digital-tablet-1536x1024.jpg 1536w\" sizes=\"(max-width: 2000px) 100vw, 2000px\" \/><\/div>\r\n\t\t\t\t<\/div>\r\n\r\n\t\t\t\t\r\n\t\t\t<\/div>\r\n\r\n\t\t<\/div>\r\n\r\n\t\t\t\t\t<\/div>\n\t\t\t\t<\/div>\n\t\t\t\t<\/div>\n\t\t\t\t<\/div>\n\t\t","protected":false},"excerpt":{"rendered":"<p>Servicios de mantenimiento de helic\u00f3pteros &#8211; Clase 1 y 2 en M\u00e9xico MANTENIMIENTO DE AERONAVES EN M\u00c9XICO MANTENIMIENTO de helic\u00f3pteros Taller Aeron\u00e1utico AFAC 532 Estamos especializados en servicios integrales de mantenimiento de helic\u00f3pteros de Clase 1 y Clase 2, garantizando la seguridad operativa, la fiabilidad mec\u00e1nica y el estricto cumplimiento de las normas nacionales de [&hellip;]<\/p>\n","protected":false},"author":2,"featured_media":1096,"parent":0,"menu_order":0,"comment_status":"closed","ping_status":"closed","template":"elementor_header_footer","meta":{"footnotes":""},"class_list":["post-1242","page","type-page","status-publish","has-post-thumbnail","hentry"],"_links":{"self":[{"href":"https:\/\/aviance.mx\/es\/wp-json\/wp\/v2\/pages\/1242","targetHints":{"allow":["GET"]}}],"collection":[{"href":"https:\/\/aviance.mx\/es\/wp-json\/wp\/v2\/pages"}],"about":[{"href":"https:\/\/aviance.mx\/es\/wp-json\/wp\/v2\/types\/page"}],"author":[{"embeddable":true,"href":"https:\/\/aviance.mx\/es\/wp-json\/wp\/v2\/users\/2"}],"replies":[{"embeddable":true,"href":"https:\/\/aviance.mx\/es\/wp-json\/wp\/v2\/comments?post=1242"}],"version-history":[{"count":2,"href":"https:\/\/aviance.mx\/es\/wp-json\/wp\/v2\/pages\/1242\/revisions"}],"predecessor-version":[{"id":1278,"href":"https:\/\/aviance.mx\/es\/wp-json\/wp\/v2\/pages\/1242\/revisions\/1278"}],"wp:featuredmedia":[{"embeddable":true,"href":"https:\/\/aviance.mx\/es\/wp-json\/wp\/v2\/media\/1096"}],"wp:attachment":[{"href":"https:\/\/aviance.mx\/es\/wp-json\/wp\/v2\/media?parent=1242"}],"curies":[{"name":"wp","href":"https:\/\/api.w.org\/{rel}","templated":true}]}}